{"id":9324,"date":"2021-06-24T16:01:29","date_gmt":"2021-06-24T15:01:29","guid":{"rendered":"https:\/\/www.dolivo.shop\/prodotto\/friede\/"},"modified":"2021-06-24T16:01:29","modified_gmt":"2021-06-24T15:01:29","slug":"friede","status":"publish","type":"product","link":"https:\/\/www.dolivo.shop\/de\/produkt\/friede\/","title":{"rendered":"Friede"},"content":{"rendered":"<p>Von Hand gemalter Anh\u00e4nger mit Acrylfarbe auf Olivenholz. Nat\u00fcrliche Schnur mit drei Franziskanerknoten.<\/p>\n<p>Gr\u00f6\u00dfe des Taus 3.5&#215;4.5 cm.<\/p>\n","protected":false},"excerpt":{"rendered":"<p>Von Hand gemalter Anh\u00e4nger mit Acrylfarbe auf Olivenholz. Nat\u00fcrliche Schnur mit drei Franziskanerknoten. Gr\u00f6\u00dfe des Taus 3.5&#215;4.5 cm.<\/p>\n","protected":false},"featured_media":9325,"template":"","meta":{"_acf_changed":false},"product_brand":[],"product_cat":[554,301],"product_tag":[],"class_list":{"0":"post-9324","1":"product","2":"type-product","3":"status-publish","4":"has-post-thumbnail","6":"product_cat-tau-de","7":"product_cat-tau-anhanger","9":"first","10":"instock","11":"taxable","12":"shipping-taxable","13":"purchasable","14":"product-type-simple"},"acf":[],"_links":{"self":[{"href":"https:\/\/www.dolivo.shop\/de\/wp-json\/wp\/v2\/product\/9324","targetHints":{"allow":["GET"]}}],"collection":[{"href":"https:\/\/www.dolivo.shop\/de\/wp-json\/wp\/v2\/product"}],"about":[{"href":"https:\/\/www.dolivo.shop\/de\/wp-json\/wp\/v2\/types\/product"}],"wp:featuredmedia":[{"embeddable":true,"href":"https:\/\/www.dolivo.shop\/de\/wp-json\/wp\/v2\/media\/9325"}],"wp:attachment":[{"href":"https:\/\/www.dolivo.shop\/de\/wp-json\/wp\/v2\/media?parent=9324"}],"wp:term":[{"taxonomy":"product_brand","embeddable":true,"href":"https:\/\/www.dolivo.shop\/de\/wp-json\/wp\/v2\/product_brand?post=9324"},{"taxonomy":"product_cat","embeddable":true,"href":"https:\/\/www.dolivo.shop\/de\/wp-json\/wp\/v2\/product_cat?post=9324"},{"taxonomy":"product_tag","embeddable":true,"href":"https:\/\/www.dolivo.shop\/de\/wp-json\/wp\/v2\/product_tag?post=9324"}],"curies":[{"name":"wp","href":"https:\/\/api.w.org\/{rel}","templated":true}]}}