{"id":9465,"date":"2021-09-23T13:02:27","date_gmt":"2021-09-23T12:02:27","guid":{"rendered":"https:\/\/www.dolivo.shop\/prodotto\/armband-hs\/"},"modified":"2025-03-16T13:09:41","modified_gmt":"2025-03-16T12:09:41","slug":"armband-hs","status":"publish","type":"product","link":"https:\/\/www.dolivo.shop\/de\/produkt\/armband-hs\/","title":{"rendered":"Armband HS"},"content":{"rendered":"<p>Unisex Armband. Perlen aus Olivenholz von 8 und 7&#215;9 mm. Gummiband, Universalgr\u00f6\u00dfe.<\/p>\n<p>Von Hand gef\u00e4delt.<\/p>\n","protected":false},"excerpt":{"rendered":"<p>Unisex Armband. Perlen aus Olivenholz von 8 und 7&#215;9 mm. Gummiband, Universalgr\u00f6\u00dfe. Von Hand gef\u00e4delt.<\/p>\n","protected":false},"featured_media":9466,"template":"","meta":{"_acf_changed":false},"product_brand":[],"product_cat":[550,303],"product_tag":[],"class_list":{"0":"post-9465","1":"product","2":"type-product","3":"status-publish","4":"has-post-thumbnail","6":"product_cat-schmuck","7":"product_cat-armbaender","9":"first","10":"instock","11":"taxable","12":"shipping-taxable","13":"purchasable","14":"product-type-simple"},"acf":[],"_links":{"self":[{"href":"https:\/\/www.dolivo.shop\/de\/wp-json\/wp\/v2\/product\/9465","targetHints":{"allow":["GET"]}}],"collection":[{"href":"https:\/\/www.dolivo.shop\/de\/wp-json\/wp\/v2\/product"}],"about":[{"href":"https:\/\/www.dolivo.shop\/de\/wp-json\/wp\/v2\/types\/product"}],"wp:featuredmedia":[{"embeddable":true,"href":"https:\/\/www.dolivo.shop\/de\/wp-json\/wp\/v2\/media\/9466"}],"wp:attachment":[{"href":"https:\/\/www.dolivo.shop\/de\/wp-json\/wp\/v2\/media?parent=9465"}],"wp:term":[{"taxonomy":"product_brand","embeddable":true,"href":"https:\/\/www.dolivo.shop\/de\/wp-json\/wp\/v2\/product_brand?post=9465"},{"taxonomy":"product_cat","embeddable":true,"href":"https:\/\/www.dolivo.shop\/de\/wp-json\/wp\/v2\/product_cat?post=9465"},{"taxonomy":"product_tag","embeddable":true,"href":"https:\/\/www.dolivo.shop\/de\/wp-json\/wp\/v2\/product_tag?post=9465"}],"curies":[{"name":"wp","href":"https:\/\/api.w.org\/{rel}","templated":true}]}}