{"id":9476,"date":"2021-06-24T16:01:48","date_gmt":"2021-06-24T15:01:48","guid":{"rendered":"https:\/\/www.dolivo.shop\/prodotto\/armband-ave-maria\/"},"modified":"2024-11-20T10:08:35","modified_gmt":"2024-11-20T09:08:35","slug":"armband-ave-maria","status":"publish","type":"product","link":"https:\/\/www.dolivo.shop\/de\/produkt\/armband-ave-maria\/","title":{"rendered":"Armband Ave Maria"},"content":{"rendered":"<p>Unisex Armband mit 2 oder 3 Wicklungen aus echtem Leder. Stopperschlie\u00dfe. Universalgr\u00f6\u00dfe. L\u00e4nge 62 cm.<\/p>\n<p>Von Hand hergestellt.<\/p>\n","protected":false},"excerpt":{"rendered":"<p>Unisex Armband mit 2 oder 3 Wicklungen aus echtem Leder. Stopperschlie\u00dfe. Universalgr\u00f6\u00dfe. L\u00e4nge 62 cm. Von Hand hergestellt.<\/p>\n","protected":false},"featured_media":9477,"template":"","meta":{"_acf_changed":false},"product_brand":[],"product_cat":[550,303],"product_tag":[],"class_list":{"0":"post-9476","1":"product","2":"type-product","3":"status-publish","4":"has-post-thumbnail","6":"product_cat-schmuck","7":"product_cat-armbaender","9":"first","10":"instock","11":"taxable","12":"shipping-taxable","13":"purchasable","14":"product-type-variable"},"acf":[],"_links":{"self":[{"href":"https:\/\/www.dolivo.shop\/de\/wp-json\/wp\/v2\/product\/9476","targetHints":{"allow":["GET"]}}],"collection":[{"href":"https:\/\/www.dolivo.shop\/de\/wp-json\/wp\/v2\/product"}],"about":[{"href":"https:\/\/www.dolivo.shop\/de\/wp-json\/wp\/v2\/types\/product"}],"wp:featuredmedia":[{"embeddable":true,"href":"https:\/\/www.dolivo.shop\/de\/wp-json\/wp\/v2\/media\/9477"}],"wp:attachment":[{"href":"https:\/\/www.dolivo.shop\/de\/wp-json\/wp\/v2\/media?parent=9476"}],"wp:term":[{"taxonomy":"product_brand","embeddable":true,"href":"https:\/\/www.dolivo.shop\/de\/wp-json\/wp\/v2\/product_brand?post=9476"},{"taxonomy":"product_cat","embeddable":true,"href":"https:\/\/www.dolivo.shop\/de\/wp-json\/wp\/v2\/product_cat?post=9476"},{"taxonomy":"product_tag","embeddable":true,"href":"https:\/\/www.dolivo.shop\/de\/wp-json\/wp\/v2\/product_tag?post=9476"}],"curies":[{"name":"wp","href":"https:\/\/api.w.org\/{rel}","templated":true}]}}