{"id":9672,"date":"2021-11-20T14:40:58","date_gmt":"2021-11-20T13:40:58","guid":{"rendered":"https:\/\/www.dolivo.shop\/prodotto\/engel-des-friedens\/"},"modified":"2026-05-01T09:50:16","modified_gmt":"2026-05-01T08:50:16","slug":"engel-des-friedens","status":"publish","type":"product","link":"https:\/\/www.dolivo.shop\/de\/produkt\/engel-des-friedens\/","title":{"rendered":"Engel des Friedens aus Olivenholz"},"content":{"rendered":"<h2 data-start=\"0\" data-end=\"57\">Ein Hauch von Spiritualit\u00e4t und Kunst f\u00fcr Ihr Zuhause<\/h2>\n<p data-start=\"59\" data-end=\"341\">Bringen Sie die W\u00e4rme der Tradition und die zeitlose Sch\u00f6nheit des Olivenholzes in Ihr Zuhause \u2013 mit diesen wundersch\u00f6nen, von Hand geschnitzten Engeln. Jeder Engel wird mit gro\u00dfer handwerklicher Sorgfalt gefertigt und ist dank der nat\u00fcrlichen Maserung des Holzes ein echtes Unikat.<\/p>\n<p data-start=\"343\" data-end=\"662\">Olivenholz ist widerstandsf\u00e4hig, edel und reich an warmen Farbnuancen. Es gilt zudem als Symbol f\u00fcr Frieden und Segen. Die handwerkliche Bearbeitung verleiht jeder Figur ihren eigenen Charakter und macht sie sowohl zu einem stilvollen Dekorationsobjekt als auch zu einem besonderen Geschenk f\u00fcr bedeutungsvolle Anl\u00e4sse.<\/p>\n<p data-start=\"664\" data-end=\"968\">Diese Engel eignen sich ideal zur Erg\u00e4nzung einer Krippe aus Olivenholz oder als einzelner Blickfang in Ihrem Zuhause. Sie verbinden Eleganz und Spiritualit\u00e4t und schaffen eine warme, besinnliche Atmosph\u00e4re \u2013 besonders zur Weihnachtszeit. Ein wertvolles Erinnerungsst\u00fcck, das viele Jahre Freude bereitet.<\/p>\n<h2 data-start=\"970\" data-end=\"1034\">Eine originelle Idee f\u00fcr ein umweltfreundliches Gastgeschenk<\/h2>\n<p data-start=\"1036\" data-end=\"1240\">Durch ihren nat\u00fcrlichen Stil und die sorgf\u00e4ltige handwerkliche Verarbeitung eignen sich diese Engel auch hervorragend als besonderes Gastgeschenk f\u00fcr Hochzeiten, Kommunionen oder andere festliche Anl\u00e4sse.<\/p>\n<h3 data-start=\"1242\" data-end=\"1263\">Wichtiger Hinweis<\/h3>\n<p data-start=\"1265\" data-end=\"1510\" data-is-last-node=\"\" data-is-only-node=\"\">Dieses Produkt wird in Handarbeit gefertigt. Kleine Unregelm\u00e4\u00dfigkeiten, leichte Abweichungen in Form, Farbe oder Maserung sind daher nicht als M\u00e4ngel zu verstehen, sondern als Zeichen der Echtheit und Einzigartigkeit des handwerklichen Produkts.<\/p>\n","protected":false},"excerpt":{"rendered":"<p>Ein Hauch von Spiritualit\u00e4t und Kunst f\u00fcr Ihr Zuhause Bringen Sie die W\u00e4rme der Tradition und die zeitlose Sch\u00f6nheit des Olivenholzes in Ihr Zuhause \u2013 mit diesen wundersch\u00f6nen, von Hand geschnitzten Engeln. Jeder Engel wird mit gro\u00dfer handwerklicher Sorgfalt gefertigt und ist dank der nat\u00fcrlichen Maserung des Holzes ein echtes Unikat. Olivenholz ist widerstandsf\u00e4hig, edel&#8230;<\/p>\n","protected":false},"featured_media":9513,"template":"","meta":{"_acf_changed":false},"product_brand":[],"product_cat":[362,305],"product_tag":[],"class_list":{"0":"post-9672","1":"product","2":"type-product","3":"status-publish","4":"has-post-thumbnail","6":"product_cat-weihnachten-de","7":"product_cat-krippen","9":"first","10":"instock","11":"taxable","12":"shipping-taxable","13":"purchasable","14":"product-type-variable"},"acf":[],"_links":{"self":[{"href":"https:\/\/www.dolivo.shop\/de\/wp-json\/wp\/v2\/product\/9672","targetHints":{"allow":["GET"]}}],"collection":[{"href":"https:\/\/www.dolivo.shop\/de\/wp-json\/wp\/v2\/product"}],"about":[{"href":"https:\/\/www.dolivo.shop\/de\/wp-json\/wp\/v2\/types\/product"}],"wp:featuredmedia":[{"embeddable":true,"href":"https:\/\/www.dolivo.shop\/de\/wp-json\/wp\/v2\/media\/9513"}],"wp:attachment":[{"href":"https:\/\/www.dolivo.shop\/de\/wp-json\/wp\/v2\/media?parent=9672"}],"wp:term":[{"taxonomy":"product_brand","embeddable":true,"href":"https:\/\/www.dolivo.shop\/de\/wp-json\/wp\/v2\/product_brand?post=9672"},{"taxonomy":"product_cat","embeddable":true,"href":"https:\/\/www.dolivo.shop\/de\/wp-json\/wp\/v2\/product_cat?post=9672"},{"taxonomy":"product_tag","embeddable":true,"href":"https:\/\/www.dolivo.shop\/de\/wp-json\/wp\/v2\/product_tag?post=9672"}],"curies":[{"name":"wp","href":"https:\/\/api.w.org\/{rel}","templated":true}]}}