{"id":9688,"date":"2021-06-24T16:01:47","date_gmt":"2021-06-24T15:01:47","guid":{"rendered":"https:\/\/www.dolivo.shop\/prodotto\/segen-des-heiligen-franziskus-3\/"},"modified":"2025-11-26T20:31:15","modified_gmt":"2025-11-26T19:31:15","slug":"segen-des-heiligen-franziskus-3","status":"publish","type":"product","link":"https:\/\/www.dolivo.shop\/de\/produkt\/segen-des-heiligen-franziskus-3\/","title":{"rendered":"Segen des Heiligen Franziskus"},"content":{"rendered":"<p>Unisex-Armband aus echtem Leder mit 2 oder 3 Umdrehungen. Auch als Halskette tragbar. Verschluss mit Karabinerhaken. Universelle Gr\u00f6\u00dfe. L\u00e4nge 53 cm.<\/p>\n<p>Handgefertigt.<\/p>\n<p>Text der Gravur: <em>Der Herr segne dich und beh\u00fcte dich. Zeige dir sein Gesicht und habe Erbarmen mit dir. Er kann dir seinen Blick zuwenden und dir Frieden schenken.<\/em><\/p>\n","protected":false},"excerpt":{"rendered":"<p>Unisex-Armband aus echtem Leder mit 2 oder 3 Umdrehungen. Auch als Halskette tragbar. Verschluss mit Karabinerhaken. Universelle Gr\u00f6\u00dfe. L\u00e4nge 53 cm. Handgefertigt. Text der Gravur: Der Herr segne dich und beh\u00fcte dich. Zeige dir sein Gesicht und habe Erbarmen mit dir. Er kann dir seinen Blick zuwenden und dir Frieden schenken.<\/p>\n","protected":false},"featured_media":11488,"template":"","meta":{"_acf_changed":false},"product_brand":[],"product_cat":[550,303],"product_tag":[],"class_list":{"0":"post-9688","1":"product","2":"type-product","3":"status-publish","4":"has-post-thumbnail","6":"product_cat-schmuck","7":"product_cat-armbaender","9":"first","10":"instock","11":"taxable","12":"shipping-taxable","13":"purchasable","14":"product-type-variable"},"acf":[],"_links":{"self":[{"href":"https:\/\/www.dolivo.shop\/de\/wp-json\/wp\/v2\/product\/9688","targetHints":{"allow":["GET"]}}],"collection":[{"href":"https:\/\/www.dolivo.shop\/de\/wp-json\/wp\/v2\/product"}],"about":[{"href":"https:\/\/www.dolivo.shop\/de\/wp-json\/wp\/v2\/types\/product"}],"wp:featuredmedia":[{"embeddable":true,"href":"https:\/\/www.dolivo.shop\/de\/wp-json\/wp\/v2\/media\/11488"}],"wp:attachment":[{"href":"https:\/\/www.dolivo.shop\/de\/wp-json\/wp\/v2\/media?parent=9688"}],"wp:term":[{"taxonomy":"product_brand","embeddable":true,"href":"https:\/\/www.dolivo.shop\/de\/wp-json\/wp\/v2\/product_brand?post=9688"},{"taxonomy":"product_cat","embeddable":true,"href":"https:\/\/www.dolivo.shop\/de\/wp-json\/wp\/v2\/product_cat?post=9688"},{"taxonomy":"product_tag","embeddable":true,"href":"https:\/\/www.dolivo.shop\/de\/wp-json\/wp\/v2\/product_tag?post=9688"}],"curies":[{"name":"wp","href":"https:\/\/api.w.org\/{rel}","templated":true}]}}