{"id":9755,"date":"2021-11-21T15:30:20","date_gmt":"2021-11-21T14:30:20","guid":{"rendered":"https:\/\/www.dolivo.shop\/?post_type=product&#038;p=9755"},"modified":"2025-10-09T17:26:01","modified_gmt":"2025-10-09T16:26:01","slug":"heilige-familie-copia","status":"publish","type":"product","link":"https:\/\/www.dolivo.shop\/de\/produkt\/heilige-familie-copia\/","title":{"rendered":"Runde Heilige Familie"},"content":{"rendered":"<h3><b>Heilige Familie \u2013 Rundform aus Olivenholz<\/b><\/h3>\n<p class=\"p3\"><span class=\"s2\">Diese <\/span><b>Skulptur aus Olivenholz<\/b><span class=\"s2\"> stellt die <\/span><b>Heilige Familie<\/b><span class=\"s2\"> in einem <\/span><b>schlichten und modernen Stil<\/b><span class=\"s2\"> dar.<\/span><\/p>\n<p class=\"p4\">Die klare Formensprache betont den <span class=\"s3\"><b>spirituellen Wert<\/b><\/span> des Werkes \u2013 ideal als <span class=\"s3\"><b>Andachtsobjekt<\/b><\/span> oder als <span class=\"s3\"><b>bedeutungsvolles Geschenk<\/b><\/span> zu Weihnachten und anderen religi\u00f6sen Anl\u00e4ssen.<\/p>\n<p class=\"p3\"><span class=\"s2\">Jedes St\u00fcck wird <\/span><b>von italienischen Handwerksmeistern vollst\u00e4ndig von Hand<\/b><span class=\"s2\"> gefertigt, <\/span><b>aus einem einzigen Block echten Olivenholzes<\/b><span class=\"s2\">.<\/span><\/p>\n<p class=\"p3\"><span class=\"s2\">Jede geschwungene Linie folgt der <\/span><b>einzigartigen und unverwechselbaren Maserung<\/b><span class=\"s2\"> des Holzes, wodurch <\/span><b>jede Skulptur ein exklusives Unikat<\/b><span class=\"s2\"> wird.<\/span><\/p>\n<p class=\"p4\">Das <span class=\"s3\"><b>Olivenholz<\/b><\/span>, bekannt f\u00fcr seine <span class=\"s3\"><b>Best\u00e4ndigkeit und mediterrane Sch\u00f6nheit<\/b><\/span>, stammt aus <span class=\"s3\"><b>nachhaltigen R\u00fcckschnitten<\/b><\/span>, umweltfreundlich gewonnen und in traditioneller Handwerkskunst verarbeitet.<\/p>\n<p class=\"p4\">Seine <span class=\"s3\"><b>sanften, flie\u00dfenden Formen<\/b><\/span> wecken Gef\u00fchle von <span class=\"s3\"><b>Familie, Liebe und Geborgenheit<\/b><\/span> \u2013 ein <span class=\"s3\"><b>zeitloses Kunstwerk<\/b><\/span>, das sich perfekt als <span class=\"s3\"><b>Dekoration<\/b><\/span> f\u00fcr Ihr Zuhause oder als <span class=\"s3\"><b>besonderes Geschenk<\/b><\/span> zu bedeutenden Momenten eignet.<\/p>\n<p>&nbsp;<\/p>\n<p><span>Wird\u00a0<\/span><span class=\"s2\"><b>vollst\u00e4ndig aus einem einzigen Block echten Olivenholzes<\/b><\/span><span>\u00a0gefertigt.<\/span><\/p>\n","protected":false},"excerpt":{"rendered":"<p>Heilige Familie \u2013 Rundform aus Olivenholz Diese Skulptur aus Olivenholz stellt die Heilige Familie in einem schlichten und modernen Stil dar. Die klare Formensprache betont den spirituellen Wert des Werkes \u2013 ideal als Andachtsobjekt oder als bedeutungsvolles Geschenk zu Weihnachten und anderen religi\u00f6sen Anl\u00e4ssen. Jedes St\u00fcck wird von italienischen Handwerksmeistern vollst\u00e4ndig von Hand gefertigt, aus&#8230;<\/p>\n","protected":false},"featured_media":9993,"template":"","meta":{"_acf_changed":false},"product_brand":[],"product_cat":[296,366],"product_tag":[],"class_list":{"0":"post-9755","1":"product","2":"type-product","3":"status-publish","4":"has-post-thumbnail","6":"product_cat-skulpturen","7":"product_cat-geschenkartikel","9":"first","10":"outofstock","11":"sale","12":"taxable","13":"shipping-taxable","14":"purchasable","15":"product-type-variable"},"acf":[],"_links":{"self":[{"href":"https:\/\/www.dolivo.shop\/de\/wp-json\/wp\/v2\/product\/9755","targetHints":{"allow":["GET"]}}],"collection":[{"href":"https:\/\/www.dolivo.shop\/de\/wp-json\/wp\/v2\/product"}],"about":[{"href":"https:\/\/www.dolivo.shop\/de\/wp-json\/wp\/v2\/types\/product"}],"wp:featuredmedia":[{"embeddable":true,"href":"https:\/\/www.dolivo.shop\/de\/wp-json\/wp\/v2\/media\/9993"}],"wp:attachment":[{"href":"https:\/\/www.dolivo.shop\/de\/wp-json\/wp\/v2\/media?parent=9755"}],"wp:term":[{"taxonomy":"product_brand","embeddable":true,"href":"https:\/\/www.dolivo.shop\/de\/wp-json\/wp\/v2\/product_brand?post=9755"},{"taxonomy":"product_cat","embeddable":true,"href":"https:\/\/www.dolivo.shop\/de\/wp-json\/wp\/v2\/product_cat?post=9755"},{"taxonomy":"product_tag","embeddable":true,"href":"https:\/\/www.dolivo.shop\/de\/wp-json\/wp\/v2\/product_tag?post=9755"}],"curies":[{"name":"wp","href":"https:\/\/api.w.org\/{rel}","templated":true}]}}