{"id":11086,"date":"2021-12-09T16:16:06","date_gmt":"2021-12-09T15:16:06","guid":{"rendered":"https:\/\/www.dolivo.shop\/?post_type=product&#038;p=11086"},"modified":"2026-04-14T13:50:18","modified_gmt":"2026-04-14T12:50:18","slug":"ostensorio-chiara","status":"publish","type":"product","link":"https:\/\/www.dolivo.shop\/it\/prodotto\/ostensorio-chiara\/","title":{"rendered":"Ostensorio Santa Chiara in metallo dorato in oro e legno di olivo"},"content":{"rendered":"<h2 data-start=\"101\" data-end=\"373\">Essenziale nella forma, profondo nel significato<\/h2>\n<p data-start=\"101\" data-end=\"373\">Un ostensorio dal design essenziale e contemporaneo, dove la purezza delle forme incontra il valore autentico del <strong data-start=\"215\" data-end=\"233\">legno di ulivo<\/strong>. Questa creazione si distingue per la sua eleganza minimalista, capace di mettere al centro ci\u00f2 che conta davvero: la presenza eucaristica.<\/p>\n<p data-start=\"375\" data-end=\"711\">La teca circolare, rifinita in metallo dorato, accoglie e valorizza l\u2019ostia con discrezione e armonia, creando un raffinato contrasto con la base in legno di ulivo. Proprio il legno \u00e8 l\u2019elemento che dona carattere all\u2019oggetto: le sue venature naturali, morbide e luminose, rendono ogni ostensorio unico, come un segno vivo della natura.<\/p>\n<p data-start=\"713\" data-end=\"1113\">Il <strong data-start=\"716\" data-end=\"734\">legno di ulivo<\/strong>, da sempre simbolo di pace e benedizione, aggiunge una dimensione spirituale profonda all\u2019oggetto. Non si tratta solo di un supporto, ma di una materia che racconta una storia antica, capace di trasmettere calore, autenticit\u00e0 e senso di raccoglimento. La sua resistenza e qualit\u00e0 garantiscono stabilit\u00e0 e durata nel tempo, mantenendo intatta la bellezza nel quotidiano utilizzo.<\/p>\n<p data-start=\"1115\" data-end=\"1296\">Perfetto per ambienti liturgici o per spazi di preghiera pi\u00f9 raccolti, questo ostensorio rappresenta una scelta raffinata per chi desidera un oggetto sobrio ma ricco di significato.<\/p>\n<h2 data-start=\"1298\" data-end=\"1329\">Caratteristiche principali:<\/h2>\n<ul data-start=\"1330\" data-end=\"1621\">\n<li data-start=\"1330\" data-end=\"1377\">\n<p data-start=\"1332\" data-end=\"1377\">base realizzata in autentico legno di ulivo<\/p>\n<\/li>\n<li data-start=\"1378\" data-end=\"1443\">\n<p data-start=\"1380\" data-end=\"1443\">teca circolare in metallo dorato per l\u2019esposizione dell\u2019ostia<\/p>\n<\/li>\n<li data-start=\"1444\" data-end=\"1478\">\n<p data-start=\"1446\" data-end=\"1478\">design minimalista ed elegante<\/p>\n<\/li>\n<li data-start=\"1479\" data-end=\"1539\">\n<p data-start=\"1481\" data-end=\"1539\">ogni pezzo \u00e8 unico grazie alle venature naturali del legno<\/p>\n<\/li>\n<li data-start=\"1540\" data-end=\"1572\">\n<p data-start=\"1542\" data-end=\"1572\">struttura stabile e durevole<\/p>\n<\/li>\n<li data-start=\"1573\" data-end=\"1621\">\n<p data-start=\"1575\" data-end=\"1621\">ideale per adorazione e momenti di preghiera.<\/p>\n<\/li>\n<\/ul>\n<p data-start=\"1623\" data-end=\"1748\" data-is-last-node=\"\" data-is-only-node=\"\">Un oggetto che esprime equilibrio tra materia e spiritualit\u00e0, dove la semplicit\u00e0 del design esalta la profondit\u00e0 del simbolo.<\/p>\n<p>&nbsp;<\/p>\n<p><span><strong>Dimensioni:<\/strong> diametro utile interno porta ostia 6,5 cm. Altezza totale 12 cm.<\/span><\/p>\n","protected":false},"excerpt":{"rendered":"<p>Essenziale nella forma, profondo nel significato Un ostensorio dal design essenziale e contemporaneo, dove la purezza delle forme incontra il valore autentico del legno di ulivo. Questa creazione si distingue per la sua eleganza minimalista, capace di mettere al centro ci\u00f2 che conta davvero: la presenza eucaristica. La teca circolare, rifinita in metallo dorato, accoglie&#8230;<\/p>\n","protected":false},"featured_media":11535,"template":"","meta":{"_acf_changed":false},"product_brand":[],"product_cat":[858,583],"product_tag":[],"class_list":{"0":"post-11086","1":"product","2":"type-product","3":"status-publish","4":"has-post-thumbnail","6":"product_cat-articoli-religiosi","7":"product_cat-ostensori","9":"first","10":"instock","11":"taxable","12":"shipping-taxable","13":"purchasable","14":"product-type-simple"},"acf":[],"_links":{"self":[{"href":"https:\/\/www.dolivo.shop\/it\/wp-json\/wp\/v2\/product\/11086","targetHints":{"allow":["GET"]}}],"collection":[{"href":"https:\/\/www.dolivo.shop\/it\/wp-json\/wp\/v2\/product"}],"about":[{"href":"https:\/\/www.dolivo.shop\/it\/wp-json\/wp\/v2\/types\/product"}],"wp:featuredmedia":[{"embeddable":true,"href":"https:\/\/www.dolivo.shop\/it\/wp-json\/wp\/v2\/media\/11535"}],"wp:attachment":[{"href":"https:\/\/www.dolivo.shop\/it\/wp-json\/wp\/v2\/media?parent=11086"}],"wp:term":[{"taxonomy":"product_brand","embeddable":true,"href":"https:\/\/www.dolivo.shop\/it\/wp-json\/wp\/v2\/product_brand?post=11086"},{"taxonomy":"product_cat","embeddable":true,"href":"https:\/\/www.dolivo.shop\/it\/wp-json\/wp\/v2\/product_cat?post=11086"},{"taxonomy":"product_tag","embeddable":true,"href":"https:\/\/www.dolivo.shop\/it\/wp-json\/wp\/v2\/product_tag?post=11086"}],"curies":[{"name":"wp","href":"https:\/\/api.w.org\/{rel}","templated":true}]}}