{"id":11113,"date":"2021-12-09T16:23:30","date_gmt":"2021-12-09T15:23:30","guid":{"rendered":"https:\/\/www.dolivo.shop\/?post_type=product&#038;p=11113"},"modified":"2026-04-10T11:12:48","modified_gmt":"2026-04-10T10:12:48","slug":"ostensorio-800","status":"publish","type":"product","link":"https:\/\/www.dolivo.shop\/it\/prodotto\/ostensorio-800\/","title":{"rendered":"Ostensorio &#8220;800&#8221; &#8211; in legno di ulivo per esposizione dell&#8217;ostia magna"},"content":{"rendered":"<p data-start=\"91\" data-end=\"289\">Questo ostensorio per l\u2019esposizione dell\u2019<strong data-start=\"132\" data-end=\"147\">ostia magna<\/strong> unisce solennit\u00e0 liturgica e bellezza naturale, grazie alla presenza di un materiale nobile e profondamente simbolico: il <strong data-start=\"270\" data-end=\"288\">legno di ulivo<\/strong>.<\/p>\n<p data-start=\"291\" data-end=\"621\">La base, accuratamente tornita in legno di ulivo, valorizza l\u2019oggetto con le sue venature calde e naturali, che rendono ogni pezzo unico. Il legno di ulivo \u00e8 da sempre associato alla pace, alla benedizione e alla tradizione biblica, qualit\u00e0 che lo rendono particolarmente adatto a oggetti destinati alla liturgia e alla preghiera.<\/p>\n<p data-start=\"623\" data-end=\"890\">La grande teca circolare in metallo dorato \u00e8 progettata per accogliere e custodire l\u2019ostia magna durante i momenti di adorazione eucaristica. Il contrasto tra la luminosit\u00e0 del metallo e la matericit\u00e0 del legno crea un equilibrio raffinato tra solennit\u00e0 e semplicit\u00e0.<\/p>\n<p data-start=\"892\" data-end=\"1187\">Il <strong data-start=\"895\" data-end=\"913\">legno di ulivo<\/strong>, oltre alla sua forte valenza simbolica, \u00e8 apprezzato per la sua robustezza e durata nel tempo. Le sue venature naturali raccontano la storia dell\u2019albero da cui proviene, trasformando questo ostensorio in un oggetto vivo, capace di unire spiritualit\u00e0, natura e artigianato.<\/p>\n<p data-start=\"1189\" data-end=\"1382\">La forma slanciata della base conferisce eleganza e stabilit\u00e0, permettendo all\u2019ostensorio di integrarsi armoniosamente sia in contesti liturgici solenni sia in spazi di adorazione pi\u00f9 raccolti.<\/p>\n<h2 data-start=\"1384\" data-end=\"1414\"><strong data-start=\"1384\" data-end=\"1414\">Caratteristiche principali:<\/strong><\/h2>\n<ul data-start=\"1415\" data-end=\"1721\">\n<li data-start=\"1415\" data-end=\"1462\">\n<p data-start=\"1417\" data-end=\"1462\">base realizzata in pregiato legno di ulivo<\/p>\n<\/li>\n<li data-start=\"1463\" data-end=\"1523\">\n<p data-start=\"1465\" data-end=\"1523\">teca circolare dorata per l\u2019esposizione dell\u2019ostia magna<\/p>\n<\/li>\n<li data-start=\"1524\" data-end=\"1584\">\n<p data-start=\"1526\" data-end=\"1584\">ogni pezzo \u00e8 unico grazie alle venature naturali del legno<\/p>\n<\/li>\n<li data-start=\"1585\" data-end=\"1628\">\n<p data-start=\"1587\" data-end=\"1628\">lavorazione artigianale di alta qualit\u00e0<\/p>\n<\/li>\n<li data-start=\"1629\" data-end=\"1660\">\n<p data-start=\"1631\" data-end=\"1660\">design elegante e armonioso<\/p>\n<\/li>\n<li data-start=\"1661\" data-end=\"1721\">\n<p data-start=\"1663\" data-end=\"1721\">ideale per adorazione eucaristica e momenti di preghiera<\/p>\n<\/li>\n<\/ul>\n<p data-start=\"1723\" data-end=\"1866\" data-is-last-node=\"\" data-is-only-node=\"\">Un oggetto liturgico che unisce la sacralit\u00e0 del gesto eucaristico alla bellezza autentica della natura, espressa attraverso il legno di ulivo.<\/p>\n","protected":false},"excerpt":{"rendered":"<p>Questo ostensorio per l\u2019esposizione dell\u2019ostia magna unisce solennit\u00e0 liturgica e bellezza naturale, grazie alla presenza di un materiale nobile e profondamente simbolico: il legno di ulivo. La base, accuratamente tornita in legno di ulivo, valorizza l\u2019oggetto con le sue venature calde e naturali, che rendono ogni pezzo unico. Il legno di ulivo \u00e8 da sempre&#8230;<\/p>\n","protected":false},"featured_media":22111,"template":"","meta":{"_acf_changed":false},"product_brand":[],"product_cat":[858,583],"product_tag":[],"class_list":{"0":"post-11113","1":"product","2":"type-product","3":"status-publish","4":"has-post-thumbnail","6":"product_cat-articoli-religiosi","7":"product_cat-ostensori","9":"first","10":"instock","11":"taxable","12":"shipping-taxable","13":"purchasable","14":"product-type-variable","15":"has-default-attributes"},"acf":[],"_links":{"self":[{"href":"https:\/\/www.dolivo.shop\/it\/wp-json\/wp\/v2\/product\/11113","targetHints":{"allow":["GET"]}}],"collection":[{"href":"https:\/\/www.dolivo.shop\/it\/wp-json\/wp\/v2\/product"}],"about":[{"href":"https:\/\/www.dolivo.shop\/it\/wp-json\/wp\/v2\/types\/product"}],"wp:featuredmedia":[{"embeddable":true,"href":"https:\/\/www.dolivo.shop\/it\/wp-json\/wp\/v2\/media\/22111"}],"wp:attachment":[{"href":"https:\/\/www.dolivo.shop\/it\/wp-json\/wp\/v2\/media?parent=11113"}],"wp:term":[{"taxonomy":"product_brand","embeddable":true,"href":"https:\/\/www.dolivo.shop\/it\/wp-json\/wp\/v2\/product_brand?post=11113"},{"taxonomy":"product_cat","embeddable":true,"href":"https:\/\/www.dolivo.shop\/it\/wp-json\/wp\/v2\/product_cat?post=11113"},{"taxonomy":"product_tag","embeddable":true,"href":"https:\/\/www.dolivo.shop\/it\/wp-json\/wp\/v2\/product_tag?post=11113"}],"curies":[{"name":"wp","href":"https:\/\/api.w.org\/{rel}","templated":true}]}}