{"id":11215,"date":"2021-12-10T12:27:11","date_gmt":"2021-12-10T11:27:11","guid":{"rendered":"https:\/\/www.dolivo.shop\/?post_type=product&#038;p=11215"},"modified":"2025-08-10T20:27:24","modified_gmt":"2025-08-10T19:27:24","slug":"porta-ampolle-cilindro","status":"publish","type":"product","link":"https:\/\/www.dolivo.shop\/it\/prodotto\/porta-ampolle-cilindro\/","title":{"rendered":"Porta ampolle cilindro"},"content":{"rendered":"<h3 class=\"p1\"><b>Eleganza e tradizione per la liturgia<\/b><b><\/b><\/h3>\n<p class=\"p3\">Questo raffinato porta ampolle unisce la bellezza senza tempo del legno di ulivo alla purezza del vetro, creando un set liturgico di pregio, perfetto per arricchire la celebrazione eucaristica. Il legno di ulivo, noto per le sue venature calde e uniche, viene sapientemente lavorato a mano, garantendo un prodotto resistente, durevole e dal forte valore simbolico.<\/p>\n<p class=\"p3\">Le due ampolle in vetro trasparente, arricchite dai tappi dorati e croci finemente rifinite, si accostano armoniosamente alla base in ulivo, creando un equilibrio tra funzionalit\u00e0 e bellezza. Questo set \u00e8 pensato per chi desidera un oggetto liturgico di qualit\u00e0, capace di trasmettere solennit\u00e0 e armonia durante la celebrazione.<\/p>\n<p class=\"p3\">Perfetto come dono per parrocchie, sacerdoti o per chi desidera arricchire la propria chiesa con un accessorio artigianale di eccellenza.<\/p>\n<p>&nbsp;<\/p>\n<p class=\"p1\"><span class=\"item_price\"><strong>Dimensioni<\/strong>: base ulivo 9&#215;18 cm. <\/span>Capienza ampolla 100 cc.<\/p>\n","protected":false},"excerpt":{"rendered":"<p>Eleganza e tradizione per la liturgia Questo raffinato porta ampolle unisce la bellezza senza tempo del legno di ulivo alla purezza del vetro, creando un set liturgico di pregio, perfetto per arricchire la celebrazione eucaristica. Il legno di ulivo, noto per le sue venature calde e uniche, viene sapientemente lavorato a mano, garantendo un prodotto&#8230;<\/p>\n","protected":false},"featured_media":11236,"template":"","meta":{"_acf_changed":false},"product_brand":[],"product_cat":[858,859],"product_tag":[],"class_list":{"0":"post-11215","1":"product","2":"type-product","3":"status-publish","4":"has-post-thumbnail","6":"product_cat-articoli-religiosi","7":"product_cat-vari-in-legno-di-olivo","9":"first","10":"instock","11":"taxable","12":"shipping-taxable","13":"purchasable","14":"product-type-simple"},"acf":[],"_links":{"self":[{"href":"https:\/\/www.dolivo.shop\/it\/wp-json\/wp\/v2\/product\/11215","targetHints":{"allow":["GET"]}}],"collection":[{"href":"https:\/\/www.dolivo.shop\/it\/wp-json\/wp\/v2\/product"}],"about":[{"href":"https:\/\/www.dolivo.shop\/it\/wp-json\/wp\/v2\/types\/product"}],"wp:featuredmedia":[{"embeddable":true,"href":"https:\/\/www.dolivo.shop\/it\/wp-json\/wp\/v2\/media\/11236"}],"wp:attachment":[{"href":"https:\/\/www.dolivo.shop\/it\/wp-json\/wp\/v2\/media?parent=11215"}],"wp:term":[{"taxonomy":"product_brand","embeddable":true,"href":"https:\/\/www.dolivo.shop\/it\/wp-json\/wp\/v2\/product_brand?post=11215"},{"taxonomy":"product_cat","embeddable":true,"href":"https:\/\/www.dolivo.shop\/it\/wp-json\/wp\/v2\/product_cat?post=11215"},{"taxonomy":"product_tag","embeddable":true,"href":"https:\/\/www.dolivo.shop\/it\/wp-json\/wp\/v2\/product_tag?post=11215"}],"curies":[{"name":"wp","href":"https:\/\/api.w.org\/{rel}","templated":true}]}}