{"id":14027,"date":"2022-12-02T11:42:23","date_gmt":"2022-12-02T10:42:23","guid":{"rendered":"https:\/\/www.dolivo.shop\/?post_type=product&#038;p=14027"},"modified":"2026-05-13T08:55:59","modified_gmt":"2026-05-13T07:55:59","slug":"croce-di-san-benedetto","status":"publish","type":"product","link":"https:\/\/www.dolivo.shop\/it\/prodotto\/croce-di-san-benedetto\/","title":{"rendered":"Croce di San Benedetto in legno di olivo"},"content":{"rendered":"<h2 class=\"p1\">Realizzata artigianalmente in legno di ulivo con Cristo e medaglie in metallo<b><\/b><\/h2>\n<p class=\"p3\">Porta nella tua casa o nel tuo spazio di preghiera un icona di fede, protezione e tradizione con la Croce di San Benedetto. Il calore e le venature naturali del legno si uniscono alla lucentezza del Cristo e delle medaglie in metallo argentato, creando un oggetto di grande valore spirituale e bellezza artigianale.<\/p>\n<p>&nbsp;<\/p>\n<p class=\"p3\">La <span class=\"s1\"><b>medaglia di San Benedetto<\/b><\/span>, incastonata al centro della croce, \u00e8 uno dei simboli pi\u00f9 antichi della cristianit\u00e0, tradizionalmente utilizzata come protezione contro il male e da secoli emblema di difesa e faro di fede per i credenti.<\/p>\n<p class=\"p3\">Mentre sul retro la scritta in latino riportata su di essa significa \u201cLa Sua presenza ci protegga nell\u2019ora della nostra morte\u201d.<\/p>\n<p>&nbsp;<\/p>\n<p class=\"p3\">Perfetta come idea regalo per occasioni religiose (cresima, battesimo, comunione) o come segno di devozione personale.<\/p>\n<p>&nbsp;<\/p>\n<p><span>Su richiesta possiamo realizzare\u00a0<\/span><strong>incisioni<span>\u00a0<\/span><\/strong><span>personalizzate<\/span><span>.<\/span><\/p>\n","protected":false},"excerpt":{"rendered":"<p>Realizzata artigianalmente in legno di ulivo con Cristo e medaglie in metallo Porta nella tua casa o nel tuo spazio di preghiera un icona di fede, protezione e tradizione con la Croce di San Benedetto. Il calore e le venature naturali del legno si uniscono alla lucentezza del Cristo e delle medaglie in metallo argentato,&#8230;<\/p>\n","protected":false},"featured_media":14060,"template":"","meta":{"_acf_changed":false},"product_brand":[],"product_cat":[858,859],"product_tag":[],"class_list":{"0":"post-14027","1":"product","2":"type-product","3":"status-publish","4":"has-post-thumbnail","6":"product_cat-articoli-religiosi","7":"product_cat-vari-in-legno-di-olivo","9":"first","10":"instock","11":"taxable","12":"shipping-taxable","13":"purchasable","14":"product-type-variable"},"acf":[],"_links":{"self":[{"href":"https:\/\/www.dolivo.shop\/it\/wp-json\/wp\/v2\/product\/14027","targetHints":{"allow":["GET"]}}],"collection":[{"href":"https:\/\/www.dolivo.shop\/it\/wp-json\/wp\/v2\/product"}],"about":[{"href":"https:\/\/www.dolivo.shop\/it\/wp-json\/wp\/v2\/types\/product"}],"wp:featuredmedia":[{"embeddable":true,"href":"https:\/\/www.dolivo.shop\/it\/wp-json\/wp\/v2\/media\/14060"}],"wp:attachment":[{"href":"https:\/\/www.dolivo.shop\/it\/wp-json\/wp\/v2\/media?parent=14027"}],"wp:term":[{"taxonomy":"product_brand","embeddable":true,"href":"https:\/\/www.dolivo.shop\/it\/wp-json\/wp\/v2\/product_brand?post=14027"},{"taxonomy":"product_cat","embeddable":true,"href":"https:\/\/www.dolivo.shop\/it\/wp-json\/wp\/v2\/product_cat?post=14027"},{"taxonomy":"product_tag","embeddable":true,"href":"https:\/\/www.dolivo.shop\/it\/wp-json\/wp\/v2\/product_tag?post=14027"}],"curies":[{"name":"wp","href":"https:\/\/api.w.org\/{rel}","templated":true}]}}