{"id":15222,"date":"2023-05-29T17:59:00","date_gmt":"2023-05-29T16:59:00","guid":{"rendered":"https:\/\/www.dolivo.shop\/?post_type=product&#038;p=15222"},"modified":"2026-03-21T08:34:26","modified_gmt":"2026-03-21T07:34:26","slug":"porta-burro-cuore","status":"publish","type":"product","link":"https:\/\/www.dolivo.shop\/it\/prodotto\/porta-burro-cuore\/","title":{"rendered":"Porta burro cuore in legno di olivo"},"content":{"rendered":"<p class=\"p1\">Ogni pezzo \u00e8 lavorato a mano, ed \u00e8 pensato per unire <span class=\"s1\"><b>funzionalit\u00e0 e bellezza rustica<\/b><\/span>. Il legno d\u2019ulivo, naturalmente antibatterico, rende questo oggetto non solo decorativo ma anche igienico e durevole nel tempo.<\/p>\n<p class=\"p1\">Ideale per chi ama portare in tavola il calore della tradizione mediterranea con <span class=\"s1\">uno stile naturale e raffinato<\/span>.<\/p>\n<p>&nbsp;<\/p>\n<p><strong>Adatto al contatto alimentare.<\/strong><\/p>\n<p>&nbsp;<\/p>\n<div class=\"w-post-elm post_content descrizione-prodotto\">\n<p class=\"p1\">Il<span>\u00a0<\/span><span class=\"s1\"><b>legno d\u2019ulivo<\/b><\/span>, con le sue venature naturali e i toni caldi e rilassanti, rende ogni porta burro<span>\u00a0<\/span><span class=\"s1\"><b>un pezzo unico<\/b><\/span>. Trattato esclusivamente con olio naturale, senza vernici n\u00e9 sostanze chimiche, nel pieno rispetto della tradizione artigianale e dell\u2019ambiente.<\/p>\n<p class=\"p1\"><span class=\"s1\"><strong>Sostenibile<span>\u00a0<\/span><\/strong><b>e autentico<span>\u00a0<\/span><\/b><\/span>il legno di ulivo \u00e8 una scelta consapevole per chi ama bellezza, praticit\u00e0 d\u2019uso, natura ed artigianato.<\/p>\n<\/div>\n<div class=\"w-post-elm post_content descrizione-prodotto\">\n<p>&nbsp;<\/p>\n<h2>Un\u2019idea originale per una bomboniera eco-friendly<\/h2>\n<p>Il suo stile naturale e la lavorazione artigianale lo rendono un pensiero perfetto per<span>\u00a0<\/span><em>matrimoni, comunioni o eventi speciali<\/em>.<span>\u00a0<\/span><\/p>\n<p><span>Su richiesta possiamo realizzare\u00a0<\/span><strong>incisioni<span>\u00a0<\/span><\/strong>personalizzate<span>.<\/span><\/p>\n<p>&nbsp;<\/p>\n<\/div>\n<p><strong>Dimensioni<\/strong>: 17&#215;17 cm.<\/p>\n<p>&nbsp;<\/p>\n<div class=\"w-post-elm post_content descrizione-prodotto\">\n<div class=\"w-post-elm post_content descrizione-prodotto\">\n<h2>Nota importante<\/h2>\n<p><em>Oggetto realizzato artigianalmente: piccole imperfezioni o lievi differenze sono da intendersi non come difetti, ma come un segno della genuinit\u00e0 del prodotto.<\/em><\/p>\n<\/div>\n<\/div>\n","protected":false},"excerpt":{"rendered":"<p>Ogni pezzo \u00e8 lavorato a mano, ed \u00e8 pensato per unire funzionalit\u00e0 e bellezza rustica. Il legno d\u2019ulivo, naturalmente antibatterico, rende questo oggetto non solo decorativo ma anche igienico e durevole nel tempo. Ideale per chi ama portare in tavola il calore della tradizione mediterranea con uno stile naturale e raffinato. &nbsp; Adatto al contatto&#8230;<\/p>\n","protected":false},"featured_media":15225,"template":"","meta":{"_acf_changed":false},"product_brand":[],"product_cat":[23,27],"product_tag":[],"class_list":{"0":"post-15222","1":"product","2":"type-product","3":"status-publish","4":"has-post-thumbnail","6":"product_cat-in-cucina","7":"product_cat-utensili","9":"first","10":"instock","11":"sale","12":"taxable","13":"shipping-taxable","14":"purchasable","15":"product-type-simple"},"acf":[],"_links":{"self":[{"href":"https:\/\/www.dolivo.shop\/it\/wp-json\/wp\/v2\/product\/15222","targetHints":{"allow":["GET"]}}],"collection":[{"href":"https:\/\/www.dolivo.shop\/it\/wp-json\/wp\/v2\/product"}],"about":[{"href":"https:\/\/www.dolivo.shop\/it\/wp-json\/wp\/v2\/types\/product"}],"wp:featuredmedia":[{"embeddable":true,"href":"https:\/\/www.dolivo.shop\/it\/wp-json\/wp\/v2\/media\/15225"}],"wp:attachment":[{"href":"https:\/\/www.dolivo.shop\/it\/wp-json\/wp\/v2\/media?parent=15222"}],"wp:term":[{"taxonomy":"product_brand","embeddable":true,"href":"https:\/\/www.dolivo.shop\/it\/wp-json\/wp\/v2\/product_brand?post=15222"},{"taxonomy":"product_cat","embeddable":true,"href":"https:\/\/www.dolivo.shop\/it\/wp-json\/wp\/v2\/product_cat?post=15222"},{"taxonomy":"product_tag","embeddable":true,"href":"https:\/\/www.dolivo.shop\/it\/wp-json\/wp\/v2\/product_tag?post=15222"}],"curies":[{"name":"wp","href":"https:\/\/api.w.org\/{rel}","templated":true}]}}