{"id":17511,"date":"2024-12-04T14:13:20","date_gmt":"2024-12-04T13:13:20","guid":{"rendered":"https:\/\/www.dolivo.shop\/?post_type=product&#038;p=17511"},"modified":"2026-04-26T18:42:44","modified_gmt":"2026-04-26T17:42:44","slug":"sottopentola-rustico-ceramica-e-ulivo-copy","status":"publish","type":"product","link":"https:\/\/www.dolivo.shop\/it\/prodotto\/sottopentola-rustico-ceramica-e-ulivo-copy\/","title":{"rendered":"Sotto pentola rustico in ceramica e legno di ulivo"},"content":{"rendered":"<h2>La bellezza della ceramica, il calore dell\u2019ulivo<\/h2>\n<p>Per appoggiare pentole o padelle tiepide o ancora bollenti.<\/p>\n<div class=\"w-post-elm post_content descrizione-prodotto\">\n<p>&nbsp;<\/p>\n<p class=\"p1\">Un oggetto semplice e al tempo stesso utile: realizzato in autentico legno d\u2019ulivo unisce<span>\u00a0<\/span><span class=\"s1\"><b>design originale<span>\u00a0<\/span><\/b><\/span>e<span>\u00a0<\/span><span class=\"s1\"><b>funzionalit\u00e0<\/b><\/span>. La maiolica \u00e8 ideale per dare colore e vivacit\u00e0 all&#8217;oggetto. Perfetto per aggiungere un tocco di calore alla cucina o al soggiorno.<\/p>\n<p class=\"p1\">Il<span>\u00a0<\/span><span class=\"s1\"><b>legno d\u2019ulivo<\/b><\/span>, con le sue venature naturali e i toni caldi e rilassanti, rende ogni sotto pentola<span>\u00a0<\/span><span class=\"s1\"><b>un pezzo unico<\/b><\/span>. Trattato esclusivamente con olio naturale, senza vernici n\u00e9 sostanze chimiche, nel pieno rispetto della tradizione artigianale e dell\u2019ambiente.<\/p>\n<p class=\"p1\"><span class=\"s1\"><strong>Sostenibile<span>\u00a0<\/span><\/strong><b>e autentico<span>\u00a0<\/span><\/b><\/span>il legno di ulivo \u00e8 una scelta consapevole per chi ama bellezza, praticit\u00e0 d\u2019uso, natura e artigianato.<\/p>\n<\/div>\n<div class=\"w-post-elm post_content descrizione-prodotto\">\n<p>&nbsp;<\/p>\n<h2>Un\u2019idea originale per una bomboniera eco-friendly<\/h2>\n<p>Il suo stile naturale e la lavorazione artigianale lo rendono un pensiero perfetto per<span>\u00a0<\/span><em>matrimoni, comunioni o eventi speciali<\/em>.<span><\/span><\/p>\n<p><span>Su richiesta possiamo realizzare\u00a0<strong>incisioni\u00a0<\/strong>personalizzate.<\/span><\/p>\n<\/div>\n<p>&nbsp;<\/p>\n<p><strong>Dimensioni:<\/strong><span>\u00a0<\/span>18&#215;18 cm circa.<\/p>\n<p>&nbsp;<\/p>\n<div class=\"w-post-elm post_content descrizione-prodotto\">\n<div class=\"w-post-elm post_content descrizione-prodotto\">\n<h2>Nota importante<\/h2>\n<p><em>Oggetto realizzato artigianalmente: piccole imperfezioni o lievi differenze sono da intendersi non come difetti, ma come un segno della genuinit\u00e0 del prodotto.<\/em><\/p>\n<\/div>\n<\/div>\n","protected":false},"excerpt":{"rendered":"<p>La bellezza della ceramica, il calore dell\u2019ulivo Per appoggiare pentole o padelle tiepide o ancora bollenti. &nbsp; Un oggetto semplice e al tempo stesso utile: realizzato in autentico legno d\u2019ulivo unisce\u00a0design originale\u00a0e\u00a0funzionalit\u00e0. La maiolica \u00e8 ideale per dare colore e vivacit\u00e0 all&#8217;oggetto. Perfetto per aggiungere un tocco di calore alla cucina o al soggiorno. Il\u00a0legno&#8230;<\/p>\n","protected":false},"featured_media":19417,"template":"","meta":{"_acf_changed":false},"product_brand":[],"product_cat":[23,27],"product_tag":[],"class_list":{"0":"post-17511","1":"product","2":"type-product","3":"status-publish","4":"has-post-thumbnail","6":"product_cat-in-cucina","7":"product_cat-utensili","9":"first","10":"instock","11":"taxable","12":"shipping-taxable","13":"purchasable","14":"product-type-simple"},"acf":[],"_links":{"self":[{"href":"https:\/\/www.dolivo.shop\/it\/wp-json\/wp\/v2\/product\/17511","targetHints":{"allow":["GET"]}}],"collection":[{"href":"https:\/\/www.dolivo.shop\/it\/wp-json\/wp\/v2\/product"}],"about":[{"href":"https:\/\/www.dolivo.shop\/it\/wp-json\/wp\/v2\/types\/product"}],"wp:featuredmedia":[{"embeddable":true,"href":"https:\/\/www.dolivo.shop\/it\/wp-json\/wp\/v2\/media\/19417"}],"wp:attachment":[{"href":"https:\/\/www.dolivo.shop\/it\/wp-json\/wp\/v2\/media?parent=17511"}],"wp:term":[{"taxonomy":"product_brand","embeddable":true,"href":"https:\/\/www.dolivo.shop\/it\/wp-json\/wp\/v2\/product_brand?post=17511"},{"taxonomy":"product_cat","embeddable":true,"href":"https:\/\/www.dolivo.shop\/it\/wp-json\/wp\/v2\/product_cat?post=17511"},{"taxonomy":"product_tag","embeddable":true,"href":"https:\/\/www.dolivo.shop\/it\/wp-json\/wp\/v2\/product_tag?post=17511"}],"curies":[{"name":"wp","href":"https:\/\/api.w.org\/{rel}","templated":true}]}}