{"id":21840,"date":"2026-03-02T11:54:39","date_gmt":"2026-03-02T10:54:39","guid":{"rendered":"https:\/\/www.dolivo.shop\/?post_type=product&#038;p=21840"},"modified":"2026-03-02T11:59:37","modified_gmt":"2026-03-02T10:59:37","slug":"tau-santa-chiara-dipinto-a-mano-su-legno-di-olivo","status":"publish","type":"product","link":"https:\/\/www.dolivo.shop\/it\/prodotto\/tau-santa-chiara-dipinto-a-mano-su-legno-di-olivo\/","title":{"rendered":"Tau Santa Chiara dipinto a mano su legno di olivo"},"content":{"rendered":"<div class=\"flex flex-col text-sm pt-4 pb-12\">\n<div>\n<div id=\"mini-chat-content\" class=\"block\">\n<article class=\"text-token-text-primary w-full focus:outline-none [--shadow-height:45px] has-data-writing-block:pointer-events-none has-data-writing-block:-mt-(--shadow-height) has-data-writing-block:pt-(--shadow-height) [&amp;:has([data-writing-block])&gt;*]:pointer-events-auto scroll-mt-[calc(var(--header-height)+min(200px,max(70px,20svh)))]\" dir=\"auto\" tabindex=\"-1\" data-turn-id=\"request-WEB:1e0af8b1-d581-432a-aa77-db958c557da7-3\" data-testid=\"conversation-turn-9\" data-scroll-anchor=\"true\" data-turn=\"assistant\">\n<div class=\"text-base my-auto mx-auto pb-8 [--thread-content-margin:--spacing(4)] @w-sm\/main:[--thread-content-margin:--spacing(6)] @w-lg\/main:[--thread-content-margin:--spacing(16)] px-(--thread-content-margin)\">\n<div class=\"[--thread-content-max-width:40rem] @w-lg\/main:[--thread-content-max-width:48rem] mx-auto max-w-(--thread-content-max-width) flex-1 group\/turn-messages focus-visible:outline-hidden relative flex w-full min-w-0 flex-col agent-turn\" tabindex=\"-1\">\n<div class=\"flex max-w-full flex-col grow\">\n<div class=\"min-h-8 text-message relative flex w-full flex-col items-end gap-2 text-start break-words whitespace-normal [.text-message+&amp;]:mt-1\" dir=\"auto\" data-message-author-role=\"assistant\" data-message-id=\"dfc3f127-33a8-4c51-8cc7-81b83d8e49c0\" data-message-model-slug=\"gpt-5-2\">\n<div class=\"flex w-full flex-col gap-1 empty:hidden first:pt-[1px]\">\n<div class=\"markdown prose dark:prose-invert w-full wrap-break-word light markdown-new-styling\">\n<p data-start=\"84\" data-end=\"285\">Questo Tau dedicato a <strong>Santa Chiara<\/strong> \u00e8 un oggetto ricco di significato spirituale, impreziosito dalla bellezza autentica del <strong data-start=\"207\" data-end=\"225\">legno di ulivo<\/strong>, materiale simbolo di pace, luce e tradizione mediterranea.<\/p>\n<p data-start=\"287\" data-end=\"612\">Realizzato artigianalmente, ogni Tau nasce da un pezzo unico di legno di ulivo, le cui venature naturali rendono ogni creazione irripetibile. La superficie calda e viva del legno esalta la decorazione dipinta, che raffigura Santa Chiara in un momento di profonda devozione, trasformando l\u2019oggetto in una piccola opera d\u2019arte.<\/p>\n<p data-start=\"614\" data-end=\"990\">Il <strong data-start=\"617\" data-end=\"635\">legno di ulivo<\/strong> non \u00e8 solo una scelta estetica, ma anche un valore aggiunto: resistente, durevole nel tempo e naturalmente antibatterico, \u00e8 da sempre utilizzato per oggetti che uniscono funzionalit\u00e0 e spiritualit\u00e0. La sua energia naturale e il suo legame con la terra lo rendono particolarmente adatto a oggetti devozionali, capaci di trasmettere serenit\u00e0 e autenticit\u00e0.<\/p>\n<p data-start=\"992\" data-end=\"1192\">Perfetto come regalo per occasioni religiose come comunioni, cresime o momenti di preghiera personale, questo Tau rappresenta un simbolo di fede che unisce tradizione, artigianato e bellezza naturale.<\/p>\n<p data-start=\"1194\" data-end=\"1225\"><strong data-start=\"1194\" data-end=\"1225\">Caratteristiche principali:<\/strong><\/p>\n<ul data-start=\"1226\" data-end=\"1498\">\n<li data-start=\"1226\" data-end=\"1268\">\n<p data-start=\"1228\" data-end=\"1268\">realizzato in autentico legno di ulivo<\/p>\n<\/li>\n<li data-start=\"1269\" data-end=\"1323\">\n<p data-start=\"1271\" data-end=\"1323\">decorazione dipinta a mano ispirata a Santa Chiara<\/p>\n<\/li>\n<li data-start=\"1324\" data-end=\"1384\">\n<p data-start=\"1326\" data-end=\"1384\">ogni pezzo unico grazie alle venature naturali del legno<\/p>\n<\/li>\n<li data-start=\"1385\" data-end=\"1443\">\n<p data-start=\"1387\" data-end=\"1443\">simbolo francescano di fede, semplicit\u00e0 e spiritualit\u00e0<\/p>\n<\/li>\n<li data-start=\"1444\" data-end=\"1498\">\n<p data-start=\"1446\" data-end=\"1498\">ideale come regalo religioso o oggetto devozionale<\/p>\n<\/li>\n<\/ul>\n<p data-start=\"1500\" data-end=\"1649\" data-is-last-node=\"\" data-is-only-node=\"\">Un oggetto che racchiude in s\u00e9 il calore del legno e la profondit\u00e0 del messaggio spirituale, perfetto per accompagnare ogni momento di raccoglimento.<\/p>\n<\/div>\n<\/div>\n<\/div>\n<\/div>\n<\/div>\n<\/div>\n<\/article>\n<\/div>\n<div class=\"[--thread-content-max-width:40rem] @w-lg\/main:[--thread-content-max-width:48rem] mx-auto max-w-(--thread-content-max-width) flex-1\"><\/div>\n<\/div>\n<\/div>\n<div class=\"pointer-events-none h-px w-px absolute bottom-0\" aria-hidden=\"true\" data-edge=\"true\"><\/div>\n<p><span>In omaggio una pergamena con la spiegazione del significato del Tau.<\/span><\/p>\n<p>&nbsp;<\/p>\n<div class=\"w-post-elm post_content descrizione-prodotto\">\n<h2>Un\u2019idea originale per una bomboniera eco-friendly<\/h2>\n<p>Il suo stile naturale e la lavorazione artigianale lo rendono un pensiero perfetto per<span>\u00a0<\/span><em>matrimoni, comunioni o eventi speciali<\/em>.<span>\u00a0<\/span><\/p>\n<\/div>\n<p>&nbsp;<\/p>\n<p><strong>Dimensioni<\/strong>: 5x7x1 cm.<\/p>\n<p>&nbsp;<\/p>\n<div class=\"w-post-elm post_content descrizione-prodotto\">\n<div class=\"w-post-elm post_content descrizione-prodotto\">\n<h2>Nota importante<\/h2>\n<p><em>Oggetto realizzato artigianalmente: piccole imperfezioni o lievi differenze sono da intendersi non come difetti, ma come un segno della genuinit\u00e0 del prodotto.<\/em><\/p>\n<\/div>\n<\/div>\n","protected":false},"excerpt":{"rendered":"<p>Questo Tau dedicato a Santa Chiara \u00e8 un oggetto ricco di significato spirituale, impreziosito dalla bellezza autentica del legno di ulivo, materiale simbolo di pace, luce e tradizione mediterranea. Realizzato artigianalmente, ogni Tau nasce da un pezzo unico di legno di ulivo, le cui venature naturali rendono ogni creazione irripetibile. La superficie calda e viva&#8230;<\/p>\n","protected":false},"featured_media":21843,"template":"","meta":{"_acf_changed":false},"product_brand":[],"product_cat":[20,98],"product_tag":[],"class_list":{"0":"post-21840","1":"product","2":"type-product","3":"status-publish","4":"has-post-thumbnail","6":"product_cat-tau","7":"product_cat-magneti-tau","9":"first","10":"instock","11":"taxable","12":"shipping-taxable","13":"purchasable","14":"product-type-simple"},"acf":[],"_links":{"self":[{"href":"https:\/\/www.dolivo.shop\/it\/wp-json\/wp\/v2\/product\/21840","targetHints":{"allow":["GET"]}}],"collection":[{"href":"https:\/\/www.dolivo.shop\/it\/wp-json\/wp\/v2\/product"}],"about":[{"href":"https:\/\/www.dolivo.shop\/it\/wp-json\/wp\/v2\/types\/product"}],"wp:featuredmedia":[{"embeddable":true,"href":"https:\/\/www.dolivo.shop\/it\/wp-json\/wp\/v2\/media\/21843"}],"wp:attachment":[{"href":"https:\/\/www.dolivo.shop\/it\/wp-json\/wp\/v2\/media?parent=21840"}],"wp:term":[{"taxonomy":"product_brand","embeddable":true,"href":"https:\/\/www.dolivo.shop\/it\/wp-json\/wp\/v2\/product_brand?post=21840"},{"taxonomy":"product_cat","embeddable":true,"href":"https:\/\/www.dolivo.shop\/it\/wp-json\/wp\/v2\/product_cat?post=21840"},{"taxonomy":"product_tag","embeddable":true,"href":"https:\/\/www.dolivo.shop\/it\/wp-json\/wp\/v2\/product_tag?post=21840"}],"curies":[{"name":"wp","href":"https:\/\/api.w.org\/{rel}","templated":true}]}}