{"id":21849,"date":"2026-03-02T12:16:49","date_gmt":"2026-03-02T11:16:49","guid":{"rendered":"https:\/\/www.dolivo.shop\/?post_type=product&#038;p=21849"},"modified":"2026-03-02T12:51:18","modified_gmt":"2026-03-02T11:51:18","slug":"citta-della-pace-creazione-in-legno-dulivo-dipinta-a-mano","status":"publish","type":"product","link":"https:\/\/www.dolivo.shop\/it\/prodotto\/citta-della-pace-creazione-in-legno-dulivo-dipinta-a-mano\/","title":{"rendered":"Citt\u00e0 della pace &#8211; quadretto in legno d\u2019ulivo dipinto a mano"},"content":{"rendered":"<h2 data-start=\"98\" data-end=\"276\">Assisi, la pace che prende forma nel cuore.<\/h2>\n<p data-start=\"98\" data-end=\"276\">Questo quadretto dedicato ad Assisi, <em data-start=\"142\" data-end=\"160\">Citt\u00e0 della Pace<\/em>, \u00e8 un oggetto che unisce arte, spiritualit\u00e0 e materia naturale, esaltando tutta la bellezza del <strong data-start=\"257\" data-end=\"275\">legno di ulivo<\/strong>.<\/p>\n<p data-start=\"278\" data-end=\"597\">Realizzato artigianalmente, ogni quadretto \u00e8 unico: le venature calde e irregolari del legno di ulivo creano un fondo naturale irripetibile, che rende ogni pezzo diverso dall\u2019altro. Questo legno, simbolo universale di pace e riconciliazione, \u00e8 perfettamente in armonia con il messaggio francescano rappresentato nell\u2019opera.<\/p>\n<p data-start=\"599\" data-end=\"954\">La decorazione dipinta a mano, con richiami alla figura di San Francesco e al ramo d\u2019ulivo, si integra con le sfumature naturali del legno, creando un effetto visivo autentico e raffinato. Il <strong data-start=\"791\" data-end=\"809\">legno di ulivo<\/strong>, noto per la sua resistenza e longevit\u00e0, dona all\u2019oggetto non solo valore estetico ma anche una forte componente simbolica e duratura nel tempo.<\/p>\n<p data-start=\"956\" data-end=\"1124\">Ideale come elemento decorativo per la casa o come regalo significativo, rappresenta un ricordo tangibile di Assisi e del suo messaggio universale di pace.<\/p>\n<p data-start=\"1126\" data-end=\"1157\"><strong data-start=\"1126\" data-end=\"1157\">Caratteristiche principali:<\/strong><\/p>\n<ul data-start=\"1158\" data-end=\"1396\">\n<li data-start=\"1158\" data-end=\"1200\">\n<p data-start=\"1160\" data-end=\"1200\">realizzata in autentico legno di ulivo<\/p>\n<\/li>\n<li data-start=\"1201\" data-end=\"1251\">\n<p data-start=\"1203\" data-end=\"1251\">ogni pezzo unico grazie alle venature naturali<\/p>\n<\/li>\n<li data-start=\"1252\" data-end=\"1282\">\n<p data-start=\"1254\" data-end=\"1282\">decorazione dipinta a mano<\/p>\n<\/li>\n<li data-start=\"1283\" data-end=\"1339\">\n<p data-start=\"1285\" data-end=\"1339\">simbolo di pace ispirato ad Assisi e a San Francesco<\/p>\n<\/li>\n<li data-start=\"1340\" data-end=\"1396\">\n<p data-start=\"1342\" data-end=\"1396\">ideale come complemento d\u2019arredo o regalo spirituale.<\/p>\n<\/li>\n<\/ul>\n<div class=\"w-post-elm post_content descrizione-prodotto\">\n<p>&nbsp;<\/p>\n<\/div>\n<div class=\"w-post-elm post_content descrizione-prodotto\">\n<h2>Un\u2019idea originale per una bomboniera eco-friendly<\/h2>\n<p>Il suo stile naturale e la lavorazione artigianale lo rendono un pensiero perfetto per<span>\u00a0<\/span><em>matrimoni, comunioni o eventi speciali<\/em>.<span>\u00a0<\/span><\/p>\n<p><span>Su richiesta possiamo realizzare\u00a0<\/span><strong>incisioni<span>\u00a0<\/span><\/strong>personalizzate<span>.<\/span><\/p>\n<\/div>\n<p>&nbsp;<\/p>\n<p><strong>Dimensioni<\/strong>: 10.5\u00d70.5 cm.<\/p>\n<p>&nbsp;<\/p>\n<div class=\"w-post-elm post_content descrizione-prodotto\">\n<div class=\"w-post-elm post_content descrizione-prodotto\">\n<h2>Nota importante<\/h2>\n<p><em>Oggetto realizzato artigianalmente: piccole imperfezioni o lievi differenze sono da intendersi non come difetti, ma come un segno della genuinit\u00e0 del prodotto.<\/em><\/p>\n<\/div>\n<\/div>\n","protected":false},"excerpt":{"rendered":"<p>Assisi, la pace che prende forma nel cuore. Questo quadretto dedicato ad Assisi, Citt\u00e0 della Pace, \u00e8 un oggetto che unisce arte, spiritualit\u00e0 e materia naturale, esaltando tutta la bellezza del legno di ulivo. Realizzato artigianalmente, ogni quadretto \u00e8 unico: le venature calde e irregolari del legno di ulivo creano un fondo naturale irripetibile, che&#8230;<\/p>\n","protected":false},"featured_media":21852,"template":"","meta":{"_acf_changed":false},"product_brand":[],"product_cat":[22,41],"product_tag":[],"class_list":{"0":"post-21849","1":"product","2":"type-product","3":"status-publish","4":"has-post-thumbnail","6":"product_cat-oggettistica","7":"product_cat-magneti","9":"first","10":"instock","11":"taxable","12":"shipping-taxable","13":"purchasable","14":"product-type-simple"},"acf":[],"_links":{"self":[{"href":"https:\/\/www.dolivo.shop\/it\/wp-json\/wp\/v2\/product\/21849","targetHints":{"allow":["GET"]}}],"collection":[{"href":"https:\/\/www.dolivo.shop\/it\/wp-json\/wp\/v2\/product"}],"about":[{"href":"https:\/\/www.dolivo.shop\/it\/wp-json\/wp\/v2\/types\/product"}],"wp:featuredmedia":[{"embeddable":true,"href":"https:\/\/www.dolivo.shop\/it\/wp-json\/wp\/v2\/media\/21852"}],"wp:attachment":[{"href":"https:\/\/www.dolivo.shop\/it\/wp-json\/wp\/v2\/media?parent=21849"}],"wp:term":[{"taxonomy":"product_brand","embeddable":true,"href":"https:\/\/www.dolivo.shop\/it\/wp-json\/wp\/v2\/product_brand?post=21849"},{"taxonomy":"product_cat","embeddable":true,"href":"https:\/\/www.dolivo.shop\/it\/wp-json\/wp\/v2\/product_cat?post=21849"},{"taxonomy":"product_tag","embeddable":true,"href":"https:\/\/www.dolivo.shop\/it\/wp-json\/wp\/v2\/product_tag?post=21849"}],"curies":[{"name":"wp","href":"https:\/\/api.w.org\/{rel}","templated":true}]}}