{"id":21944,"date":"2026-03-02T22:26:45","date_gmt":"2026-03-02T21:26:45","guid":{"rendered":"https:\/\/www.dolivo.shop\/?post_type=product&#038;p=21944"},"modified":"2026-04-01T19:46:37","modified_gmt":"2026-04-01T18:46:37","slug":"tau-di-san-francesco-dipinto-a-mano-su-legno-di-ulivo","status":"publish","type":"product","link":"https:\/\/www.dolivo.shop\/it\/prodotto\/tau-di-san-francesco-dipinto-a-mano-su-legno-di-ulivo\/","title":{"rendered":"Tau di San Francesco dipinto a mano su legno di ulivo"},"content":{"rendered":"<div class=\"flex flex-col text-sm pt-4 pb-12\">\n<div id=\"mini-chat-content\" class=\"block\">\n<article class=\"text-token-text-primary w-full focus:outline-none [--shadow-height:45px] has-data-writing-block:pointer-events-none has-data-writing-block:-mt-(--shadow-height) has-data-writing-block:pt-(--shadow-height) [&amp;:has([data-writing-block])&gt;*]:pointer-events-auto scroll-mt-[calc(var(--header-height)+min(200px,max(70px,20svh)))]\" dir=\"auto\" tabindex=\"-1\" data-turn-id=\"request-WEB:1e0af8b1-d581-432a-aa77-db958c557da7-12\" data-testid=\"conversation-turn-27\" data-scroll-anchor=\"true\" data-turn=\"assistant\">\n<div class=\"text-base my-auto mx-auto pb-8 [--thread-content-margin:--spacing(4)] @w-sm\/main:[--thread-content-margin:--spacing(6)] @w-lg\/main:[--thread-content-margin:--spacing(16)] px-(--thread-content-margin)\">\n<div class=\"[--thread-content-max-width:40rem] @w-lg\/main:[--thread-content-max-width:48rem] mx-auto max-w-(--thread-content-max-width) flex-1 group\/turn-messages focus-visible:outline-hidden relative flex w-full min-w-0 flex-col agent-turn\" tabindex=\"-1\">\n<div class=\"flex max-w-full flex-col grow\">\n<div class=\"min-h-8 text-message relative flex w-full flex-col items-end gap-2 text-start break-words whitespace-normal [.text-message+&amp;]:mt-1\" dir=\"auto\" data-message-author-role=\"assistant\" data-message-id=\"7aa125b8-1718-4113-bf5d-a924ad1aa035\" data-message-model-slug=\"gpt-5-2\">\n<div class=\"flex w-full flex-col gap-1 empty:hidden first:pt-[1px]\">\n<div class=\"markdown prose dark:prose-invert w-full wrap-break-word dark markdown-new-styling\">\n<h2 data-start=\"374\" data-end=\"420\">Semplicit\u00e0 francescana, bellezza naturale<\/h2>\n<p data-start=\"85\" data-end=\"356\">Questo Tau dedicato a San Francesco \u00e8 un simbolo di fede e semplicit\u00e0, reso ancora pi\u00f9 autentico dalla scelta di un materiale unico: il <strong data-start=\"221\" data-end=\"239\">legno di ulivo<\/strong>. Un oggetto che unisce spiritualit\u00e0 e natura, capace di trasmettere un messaggio profondo attraverso la sua essenza.<\/p>\n<p data-start=\"358\" data-end=\"634\">Realizzato artigianalmente, ogni Tau nasce da un pezzo di legno di ulivo selezionato, le cui venature naturali creano disegni irripetibili. Le tonalit\u00e0 calde e le linee morbide del legno rendono ogni creazione diversa, trasformando questo oggetto in un pezzo esclusivo e vivo.<\/p>\n<p data-start=\"636\" data-end=\"984\">La decorazione dipinta a mano raffigura San Francesco in un gesto di contemplazione, accompagnato dal ramo di ulivo, simbolo universale di pace. Il <strong data-start=\"784\" data-end=\"802\">legno di ulivo<\/strong>, da sempre legato alla tradizione mediterranea e alla simbologia biblica, rafforza il significato spirituale dell\u2019oggetto: non \u00e8 solo un supporto, ma parte integrante del messaggio.<\/p>\n<p data-start=\"986\" data-end=\"1201\">Oltre alla sua bellezza, il legno di ulivo \u00e8 apprezzato per la sua resistenza e durata nel tempo, qualit\u00e0 che rendono questo Tau ideale per essere custodito a lungo, accompagnando momenti di preghiera e riflessione.<\/p>\n<h2 data-start=\"1203\" data-end=\"1234\">Caratteristiche principali:<\/h2>\n<ul data-start=\"1235\" data-end=\"1476\">\n<li data-start=\"1235\" data-end=\"1277\">\n<p data-start=\"1237\" data-end=\"1277\">realizzato in autentico legno di ulivo<\/p>\n<\/li>\n<li data-start=\"1278\" data-end=\"1328\">\n<p data-start=\"1280\" data-end=\"1328\">ogni pezzo \u00e8 unico grazie alle venature naturali<\/p>\n<\/li>\n<li data-start=\"1329\" data-end=\"1377\">\n<p data-start=\"1331\" data-end=\"1377\">decorazione dipinta a mano con San Francesco<\/p>\n<\/li>\n<li data-start=\"1378\" data-end=\"1432\">\n<p data-start=\"1380\" data-end=\"1432\">simbolo francescano di pace, umilt\u00e0 e spiritualit\u00e0<\/p>\n<\/li>\n<li data-start=\"1433\" data-end=\"1476\">\n<p data-start=\"1435\" data-end=\"1476\">lavorazione artigianale di alta qualit\u00e0<\/p>\n<\/li>\n<\/ul>\n<p data-start=\"1478\" data-end=\"1619\" data-is-last-node=\"\" data-is-only-node=\"\">Un oggetto che racchiude il calore della natura e la profondit\u00e0 della fede, perfetto per arricchire ogni spazio con semplicit\u00e0 e significato.<\/p>\n<\/div>\n<\/div>\n<\/div>\n<\/div>\n<div class=\"z-0 flex min-h-[46px] justify-start\"><\/div>\n<\/div>\n<\/div>\n<\/article>\n<\/div>\n<\/div>\n<p><span>In omaggio una pergamena con la spiegazione del significato del Tau.<\/span><\/p>\n<p>&nbsp;<\/p>\n<div class=\"w-post-elm post_content descrizione-prodotto\">\n<h2>Un\u2019idea originale per una bomboniera eco-friendly<\/h2>\n<p>Il suo stile naturale e la lavorazione artigianale lo rendono un pensiero perfetto per<span>\u00a0<\/span><em>matrimoni, comunioni o eventi speciali<\/em>.<span>\u00a0<\/span><\/p>\n<div class=\"w-post-elm post_content descrizione-prodotto\">\n<p><span>Su richiesta possiamo realizzare\u00a0<\/span><strong>incisioni<span>\u00a0<\/span><\/strong>personalizzate<span>.\u00a0<\/span><\/p>\n<p>&nbsp;<\/p>\n<\/div>\n<\/div>\n<p><strong>Dimensioni<\/strong>: 19&#215;28 cm.<\/p>\n<p>&nbsp;<\/p>\n<div class=\"w-post-elm post_content descrizione-prodotto\">\n<div class=\"w-post-elm post_content descrizione-prodotto\">\n<h2>Nota importante<\/h2>\n<p><em>Oggetto realizzato artigianalmente: piccole imperfezioni o lievi differenze sono da intendersi non come difetti, ma come un segno della genuinit\u00e0 del prodotto.<\/em><\/p>\n<\/div>\n<\/div>\n","protected":false},"excerpt":{"rendered":"<p>Semplicit\u00e0 francescana, bellezza naturale Questo Tau dedicato a San Francesco \u00e8 un simbolo di fede e semplicit\u00e0, reso ancora pi\u00f9 autentico dalla scelta di un materiale unico: il legno di ulivo. Un oggetto che unisce spiritualit\u00e0 e natura, capace di trasmettere un messaggio profondo attraverso la sua essenza. Realizzato artigianalmente, ogni Tau nasce da un&#8230;<\/p>\n","protected":false},"featured_media":21947,"template":"","meta":{"_acf_changed":false},"product_brand":[],"product_cat":[20,89],"product_tag":[],"class_list":{"0":"post-21944","1":"product","2":"type-product","3":"status-publish","4":"has-post-thumbnail","6":"product_cat-tau","7":"product_cat-da-parete","9":"first","10":"instock","11":"taxable","12":"shipping-taxable","13":"purchasable","14":"product-type-simple"},"acf":[],"_links":{"self":[{"href":"https:\/\/www.dolivo.shop\/it\/wp-json\/wp\/v2\/product\/21944","targetHints":{"allow":["GET"]}}],"collection":[{"href":"https:\/\/www.dolivo.shop\/it\/wp-json\/wp\/v2\/product"}],"about":[{"href":"https:\/\/www.dolivo.shop\/it\/wp-json\/wp\/v2\/types\/product"}],"wp:featuredmedia":[{"embeddable":true,"href":"https:\/\/www.dolivo.shop\/it\/wp-json\/wp\/v2\/media\/21947"}],"wp:attachment":[{"href":"https:\/\/www.dolivo.shop\/it\/wp-json\/wp\/v2\/media?parent=21944"}],"wp:term":[{"taxonomy":"product_brand","embeddable":true,"href":"https:\/\/www.dolivo.shop\/it\/wp-json\/wp\/v2\/product_brand?post=21944"},{"taxonomy":"product_cat","embeddable":true,"href":"https:\/\/www.dolivo.shop\/it\/wp-json\/wp\/v2\/product_cat?post=21944"},{"taxonomy":"product_tag","embeddable":true,"href":"https:\/\/www.dolivo.shop\/it\/wp-json\/wp\/v2\/product_tag?post=21944"}],"curies":[{"name":"wp","href":"https:\/\/api.w.org\/{rel}","templated":true}]}}