{"id":21959,"date":"2026-03-02T23:03:16","date_gmt":"2026-03-02T22:03:16","guid":{"rendered":"https:\/\/www.dolivo.shop\/?post_type=product&#038;p=21959"},"modified":"2026-03-02T23:17:32","modified_gmt":"2026-03-02T22:17:32","slug":"apribottiglie-con-manico-in-legno-di-ulivo","status":"publish","type":"product","link":"https:\/\/www.dolivo.shop\/it\/prodotto\/apribottiglie-con-manico-in-legno-di-ulivo\/","title":{"rendered":"Apribottiglie con manico in legno di ulivo"},"content":{"rendered":"<div class=\"flex flex-col text-sm pt-4 pb-12\">\n<div id=\"mini-chat-content\" class=\"block\">\n<article class=\"text-token-text-primary w-full focus:outline-none [--shadow-height:45px] has-data-writing-block:pointer-events-none has-data-writing-block:-mt-(--shadow-height) has-data-writing-block:pt-(--shadow-height) [&amp;:has([data-writing-block])&gt;*]:pointer-events-auto scroll-mt-[calc(var(--header-height)+min(200px,max(70px,20svh)))]\" dir=\"auto\" tabindex=\"-1\" data-turn-id=\"request-WEB:1e0af8b1-d581-432a-aa77-db958c557da7-14\" data-testid=\"conversation-turn-31\" data-scroll-anchor=\"true\" data-turn=\"assistant\">\n<div class=\"text-base my-auto mx-auto pb-8 [--thread-content-margin:--spacing(4)] @w-sm\/main:[--thread-content-margin:--spacing(6)] @w-lg\/main:[--thread-content-margin:--spacing(16)] px-(--thread-content-margin)\">\n<div class=\"[--thread-content-max-width:40rem] @w-lg\/main:[--thread-content-max-width:48rem] mx-auto max-w-(--thread-content-max-width) flex-1 group\/turn-messages focus-visible:outline-hidden relative flex w-full min-w-0 flex-col agent-turn\" tabindex=\"-1\">\n<div class=\"flex max-w-full flex-col grow\">\n<div class=\"min-h-8 text-message relative flex w-full flex-col items-end gap-2 text-start break-words whitespace-normal [.text-message+&amp;]:mt-1\" dir=\"auto\" data-message-author-role=\"assistant\" data-message-id=\"0e3c2bc9-5d55-44c1-9175-6eec396d5008\" data-message-model-slug=\"gpt-5-2\">\n<div class=\"flex w-full flex-col gap-1 empty:hidden first:pt-[1px]\">\n<div class=\"markdown prose dark:prose-invert w-full wrap-break-word dark markdown-new-styling\">\n<p data-start=\"89\" data-end=\"263\">Un oggetto semplice, ma capace di distinguersi per stile e qualit\u00e0: questo apribottiglie con manico in <strong data-start=\"192\" data-end=\"210\">legno di ulivo<\/strong> unisce funzionalit\u00e0 quotidiana ed eleganza naturale.<\/p>\n<p data-start=\"265\" data-end=\"654\">Il protagonista \u00e8 il manico, realizzato in autentico legno di ulivo, un materiale pregiato noto per la sua resistenza e per le sue venature uniche. Ogni pezzo presenta sfumature diverse, con disegni naturali che rendono ogni apribottiglie irripetibile. La superficie liscia e calda al tatto offre una presa comoda ed ergonomica, trasformando un gesto quotidiano in un\u2019esperienza piacevole.<\/p>\n<p data-start=\"656\" data-end=\"916\">La parte superiore in metallo garantisce solidit\u00e0 ed efficacia nell\u2019apertura, mentre il manico in legno di ulivo dona carattere e raffinatezza all\u2019oggetto. Il contrasto tra metallo lucido e legno naturale crea un equilibrio perfetto tra modernit\u00e0 e tradizione.<\/p>\n<p data-start=\"918\" data-end=\"1129\">Il <strong data-start=\"921\" data-end=\"939\">legno di ulivo<\/strong>, simbolo di autenticit\u00e0 e legame con la natura, \u00e8 una scelta che aggiunge valore non solo estetico, ma anche duraturo: un materiale che resiste nel tempo e mantiene intatta la sua bellezza.<\/p>\n<p data-start=\"1131\" data-end=\"1273\">Perfetto per la cucina, per la tavola o come idea regalo, questo apribottiglie \u00e8 pensato per chi apprezza i dettagli e la qualit\u00e0 artigianale.<\/p>\n<h2 data-start=\"1275\" data-end=\"1306\">Caratteristiche principali:<\/h2>\n<ul data-start=\"1307\" data-end=\"1533\">\n<li data-start=\"1307\" data-end=\"1345\">\n<p data-start=\"1309\" data-end=\"1345\">manico in autentico legno di ulivo<\/p>\n<\/li>\n<li data-start=\"1346\" data-end=\"1396\">\n<p data-start=\"1348\" data-end=\"1396\">ogni pezzo \u00e8 unico grazie alle venature naturali<\/p>\n<\/li>\n<li data-start=\"1397\" data-end=\"1445\">\n<p data-start=\"1399\" data-end=\"1445\">struttura in metallo resistente e funzionale<\/p>\n<\/li>\n<li data-start=\"1446\" data-end=\"1487\">\n<p data-start=\"1448\" data-end=\"1487\">impugnatura ergonomica e confortevole<\/p>\n<\/li>\n<li data-start=\"1488\" data-end=\"1533\">\n<p data-start=\"1490\" data-end=\"1533\">design elegante, ideale anche come regalo.<\/p>\n<\/li>\n<\/ul>\n<p data-start=\"1535\" data-end=\"1618\" data-is-last-node=\"\" data-is-only-node=\"\">Un accessorio quotidiano che porta con s\u00e9 il calore e l\u2019unicit\u00e0 del legno di ulivo.<\/p>\n<\/div>\n<\/div>\n<\/div>\n<\/div>\n<\/div>\n<\/div>\n<\/article>\n<\/div>\n<\/div>\n<div aria-hidden=\"true\" data-edge=\"true\"><\/div>\n<div class=\"w-post-elm post_content descrizione-prodotto\">\n<h2>Un\u2019idea originale per una bomboniera eco-friendly<\/h2>\n<p>Il suo stile naturale e la lavorazione artigianale lo rendono un pensiero perfetto per<span>\u00a0<\/span><em>matrimoni, comunioni o eventi speciali<\/em>.<span>\u00a0<\/span><\/p>\n<p>&nbsp;<\/p>\n<\/div>\n<p><strong>Dimensioni<\/strong>: 3&#215;19 cm.<\/p>\n","protected":false},"excerpt":{"rendered":"<p>Un oggetto semplice, ma capace di distinguersi per stile e qualit\u00e0: questo apribottiglie con manico in legno di ulivo unisce funzionalit\u00e0 quotidiana ed eleganza naturale. Il protagonista \u00e8 il manico, realizzato in autentico legno di ulivo, un materiale pregiato noto per la sua resistenza e per le sue venature uniche. Ogni pezzo presenta sfumature diverse,&#8230;<\/p>\n","protected":false},"featured_media":21962,"template":"","meta":{"_acf_changed":false},"product_brand":[],"product_cat":[23,27],"product_tag":[],"class_list":{"0":"post-21959","1":"product","2":"type-product","3":"status-publish","4":"has-post-thumbnail","6":"product_cat-in-cucina","7":"product_cat-utensili","9":"first","10":"instock","11":"taxable","12":"shipping-taxable","13":"purchasable","14":"product-type-simple"},"acf":[],"_links":{"self":[{"href":"https:\/\/www.dolivo.shop\/it\/wp-json\/wp\/v2\/product\/21959","targetHints":{"allow":["GET"]}}],"collection":[{"href":"https:\/\/www.dolivo.shop\/it\/wp-json\/wp\/v2\/product"}],"about":[{"href":"https:\/\/www.dolivo.shop\/it\/wp-json\/wp\/v2\/types\/product"}],"wp:featuredmedia":[{"embeddable":true,"href":"https:\/\/www.dolivo.shop\/it\/wp-json\/wp\/v2\/media\/21962"}],"wp:attachment":[{"href":"https:\/\/www.dolivo.shop\/it\/wp-json\/wp\/v2\/media?parent=21959"}],"wp:term":[{"taxonomy":"product_brand","embeddable":true,"href":"https:\/\/www.dolivo.shop\/it\/wp-json\/wp\/v2\/product_brand?post=21959"},{"taxonomy":"product_cat","embeddable":true,"href":"https:\/\/www.dolivo.shop\/it\/wp-json\/wp\/v2\/product_cat?post=21959"},{"taxonomy":"product_tag","embeddable":true,"href":"https:\/\/www.dolivo.shop\/it\/wp-json\/wp\/v2\/product_tag?post=21959"}],"curies":[{"name":"wp","href":"https:\/\/api.w.org\/{rel}","templated":true}]}}