{"id":22195,"date":"2026-03-04T13:43:27","date_gmt":"2026-03-04T12:43:27","guid":{"rendered":"https:\/\/www.dolivo.shop\/?post_type=product&#038;p=22195"},"modified":"2026-03-04T14:35:48","modified_gmt":"2026-03-04T13:35:48","slug":"macina-sale-e-pepe-in-legno-di-ulivo","status":"publish","type":"product","link":"https:\/\/www.dolivo.shop\/it\/prodotto\/macina-sale-e-pepe-in-legno-di-ulivo\/","title":{"rendered":"Macina sale e pepe moderno in legno di ulivo"},"content":{"rendered":"<h2 data-start=\"42\" data-end=\"82\">Il profumo delle spezie, il calore dell\u2019ulivo<\/h2>\n<p data-start=\"84\" data-end=\"374\">Questo macina sale e pepe unisce funzionalit\u00e0 e bellezza naturale grazie alla presenza di un materiale unico e prezioso: il <strong data-start=\"208\" data-end=\"226\">legno di ulivo<\/strong>. Realizzato con cura e lavorato artigianalmente, questo accessorio da cucina porta sulla tavola il fascino autentico della tradizione mediterranea.<\/p>\n<p data-start=\"376\" data-end=\"785\">Il <strong data-start=\"379\" data-end=\"397\">legno di ulivo<\/strong> \u00e8 particolarmente apprezzato per la sua straordinaria compattezza, resistenza e durata nel tempo. Le sue venature calde e irregolari, che vanno dal miele dorato fino a tonalit\u00e0 pi\u00f9 intense, rendono ogni macinino <strong data-start=\"610\" data-end=\"628\">un pezzo unico<\/strong>, diverso da tutti gli altri. Questo significa che non esistono due oggetti identici: ogni esemplare racconta la storia naturale dell\u2019albero da cui proviene.<\/p>\n<p data-start=\"787\" data-end=\"1109\">Oltre alla sua bellezza estetica, il legno di ulivo offre anche eccellenti qualit\u00e0 funzionali. \u00c8 un materiale <strong data-start=\"897\" data-end=\"944\">robusto, durevole e naturalmente resistente<\/strong>, perfetto per un utensile destinato all\u2019uso quotidiano in cucina. La forma semplice e piacevole al tatto garantisce una presa comoda e sicura durante l\u2019utilizzo.<\/p>\n<p data-start=\"1111\" data-end=\"1431\">All\u2019interno, il macinino \u00e8 dotato di un <strong data-start=\"1151\" data-end=\"1190\">meccanismo di macinatura regolabile<\/strong>, progettato per permettere di scegliere facilmente la grana desiderata, dal pi\u00f9 fine al pi\u00f9 grosso. \u00c8 ideale per macinare pepe, sale grosso e altre spezie, esaltando il sapore naturale degli ingredienti direttamente al momento del servizio.<\/p>\n<p data-start=\"1433\" data-end=\"1634\">Grazie al suo design elegante e alle venature naturali del legno, questo macina sale e pepe non \u00e8 solo uno strumento funzionale, ma anche un <strong data-start=\"1574\" data-end=\"1633\">raffinato elemento decorativo per la cucina o la tavola<\/strong>.<\/p>\n<h2 data-start=\"1636\" data-end=\"1666\">Caratteristiche principali:<\/h2>\n<ul data-start=\"1667\" data-end=\"1908\">\n<li data-start=\"1667\" data-end=\"1711\">\n<p data-start=\"1669\" data-end=\"1711\">realizzato in pregiato <strong data-start=\"1693\" data-end=\"1711\">legno di ulivo<\/strong><\/p>\n<\/li>\n<li data-start=\"1712\" data-end=\"1754\">\n<p data-start=\"1714\" data-end=\"1754\">venature naturali uniche in ogni pezzo<\/p>\n<\/li>\n<li data-start=\"1755\" data-end=\"1798\">\n<p data-start=\"1757\" data-end=\"1798\">meccanismo di macinatura <strong data-start=\"1782\" data-end=\"1796\">regolabile<\/strong><\/p>\n<\/li>\n<li data-start=\"1799\" data-end=\"1831\">\n<p data-start=\"1801\" data-end=\"1831\">struttura robusta e durevole<\/p>\n<\/li>\n<li data-start=\"1832\" data-end=\"1873\">\n<p data-start=\"1834\" data-end=\"1873\">impugnatura ergonomica e confortevole<\/p>\n<\/li>\n<li data-start=\"1874\" data-end=\"1908\">\n<p data-start=\"1876\" data-end=\"1908\">ideale per sale, pepe e spezie.<\/p>\n<\/li>\n<\/ul>\n<p data-start=\"1910\" data-end=\"2062\" data-is-last-node=\"\" data-is-only-node=\"\">Un accessorio che unisce <strong data-start=\"1935\" data-end=\"1973\">natura, artigianato e funzionalit\u00e0<\/strong>, perfetto per chi desidera portare in cucina la bellezza e il calore del legno di ulivo.<\/p>\n","protected":false},"excerpt":{"rendered":"<p>Il profumo delle spezie, il calore dell\u2019ulivo Questo macina sale e pepe unisce funzionalit\u00e0 e bellezza naturale grazie alla presenza di un materiale unico e prezioso: il legno di ulivo. Realizzato con cura e lavorato artigianalmente, questo accessorio da cucina porta sulla tavola il fascino autentico della tradizione mediterranea. Il legno di ulivo \u00e8 particolarmente&#8230;<\/p>\n","protected":false},"featured_media":22237,"template":"","meta":{"_acf_changed":false},"product_brand":[],"product_cat":[23,27],"product_tag":[],"class_list":{"0":"post-22195","1":"product","2":"type-product","3":"status-publish","4":"has-post-thumbnail","6":"product_cat-in-cucina","7":"product_cat-utensili","9":"first","10":"instock","11":"taxable","12":"shipping-taxable","13":"purchasable","14":"product-type-variable"},"acf":[],"_links":{"self":[{"href":"https:\/\/www.dolivo.shop\/it\/wp-json\/wp\/v2\/product\/22195","targetHints":{"allow":["GET"]}}],"collection":[{"href":"https:\/\/www.dolivo.shop\/it\/wp-json\/wp\/v2\/product"}],"about":[{"href":"https:\/\/www.dolivo.shop\/it\/wp-json\/wp\/v2\/types\/product"}],"wp:featuredmedia":[{"embeddable":true,"href":"https:\/\/www.dolivo.shop\/it\/wp-json\/wp\/v2\/media\/22237"}],"wp:attachment":[{"href":"https:\/\/www.dolivo.shop\/it\/wp-json\/wp\/v2\/media?parent=22195"}],"wp:term":[{"taxonomy":"product_brand","embeddable":true,"href":"https:\/\/www.dolivo.shop\/it\/wp-json\/wp\/v2\/product_brand?post=22195"},{"taxonomy":"product_cat","embeddable":true,"href":"https:\/\/www.dolivo.shop\/it\/wp-json\/wp\/v2\/product_cat?post=22195"},{"taxonomy":"product_tag","embeddable":true,"href":"https:\/\/www.dolivo.shop\/it\/wp-json\/wp\/v2\/product_tag?post=22195"}],"curies":[{"name":"wp","href":"https:\/\/api.w.org\/{rel}","templated":true}]}}