{"id":3006,"date":"2021-06-24T15:58:53","date_gmt":"2021-06-24T14:58:53","guid":{"rendered":"https:\/\/www.dolivo.shop\/?post_type=product&#038;p=3006"},"modified":"2026-05-06T18:08:39","modified_gmt":"2026-05-06T17:08:39","slug":"grattugia-box","status":"publish","type":"product","link":"https:\/\/www.dolivo.shop\/it\/prodotto\/grattugia-box\/","title":{"rendered":"Grattugia box in legno di olivo"},"content":{"rendered":"<p><span class=\"item_price\">Veloce da usare. Adatta per grattare aglio, parmigiano, noce moscata, tartufo o verdure. Si pu\u00f2 riporre in frigo con dentro il parmigiano. <\/span><span class=\"articolo\">Non crea muffe. Si pu\u00f2 lavare a mano con acqua calda e detersivo. La parte in metallo \u00e8 in <strong>acciaio inox<\/strong>. <span class=\"itemprice\"><span class=\"item_price\"><span>Perfetta per aggiungere un tocco di calore alla cucina.<\/span><\/span><\/span><\/span><\/p>\n<p>&nbsp;<\/p>\n<p><strong>Adatta al contatto alimentare ed antibatterica.<\/strong><\/p>\n<p>&nbsp;<\/p>\n<p class=\"p1\">Il<span>\u00a0<\/span><span class=\"s1\"><b>legno d\u2019ulivo<\/b><\/span>, con le sue venature naturali e i toni caldi e rilassanti, rende ogni grattugia<span>\u00a0<\/span><span class=\"s1\"><b>un pezzo unico<\/b><\/span>. Trattato esclusivamente con olio naturale, senza vernici n\u00e9 sostanze chimiche, nel pieno rispetto della tradizione artigianale e dell\u2019ambiente.<\/p>\n<p class=\"p1\"><span class=\"s1\"><strong>Sostenibile<span>\u00a0<\/span><\/strong><b>e autentico<span>\u00a0<\/span><\/b><\/span>il legno di ulivo \u00e8 una scelta consapevole per chi ama bellezza, praticit\u00e0 d\u2019uso, natura ed artigianato.<\/p>\n<p>&nbsp;<\/p>\n<div class=\"w-post-elm post_content descrizione-prodotto\">\n<div class=\"w-post-elm post_content descrizione-prodotto\">\n<div class=\"w-post-elm post_content descrizione-prodotto\">\n<div class=\"w-post-elm post_content descrizione-prodotto\">\n<h2>Un\u2019idea originale per una bomboniera eco-friendly<\/h2>\n<p>Il suo stile naturale e la lavorazione artigianale lo rendono un pensiero perfetto per<span>\u00a0<\/span><em>matrimoni, comunioni o eventi speciali<\/em>.<\/p>\n<p><span>Su richiesta possiamo realizzare\u00a0<\/span><strong>incisioni<span>\u00a0<\/span><\/strong><span>personalizzate.<\/span><\/p>\n<\/div>\n<\/div>\n<div class=\"w-post-elm post_content descrizione-prodotto\">\n<p>&nbsp;<\/p>\n<div class=\"w-post-elm post_content descrizione-prodotto\">\n<div class=\"w-post-elm post_content descrizione-prodotto\">\n<h2>Nota importante<\/h2>\n<p><em>Oggetto realizzato artigianalmente: piccole imperfezioni o lievi differenze sono da intendersi non come difetti, ma come un segno della genuinit\u00e0 del prodotto.<\/em><\/p>\n<\/div>\n<\/div>\n<\/div>\n<\/div>\n<\/div>\n","protected":false},"excerpt":{"rendered":"<p>Veloce da usare. Adatta per grattare aglio, parmigiano, noce moscata, tartufo o verdure. Si pu\u00f2 riporre in frigo con dentro il parmigiano. Non crea muffe. Si pu\u00f2 lavare a mano con acqua calda e detersivo. La parte in metallo \u00e8 in acciaio inox. Perfetta per aggiungere un tocco di calore alla cucina. &nbsp; Adatta al&#8230;<\/p>\n","protected":false},"featured_media":900,"template":"","meta":{"_acf_changed":false},"product_brand":[],"product_cat":[23,27],"product_tag":[],"class_list":{"0":"post-3006","1":"product","2":"type-product","3":"status-publish","4":"has-post-thumbnail","6":"product_cat-in-cucina","7":"product_cat-utensili","9":"first","10":"instock","11":"sale","12":"taxable","13":"shipping-taxable","14":"purchasable","15":"product-type-variable"},"acf":[],"_links":{"self":[{"href":"https:\/\/www.dolivo.shop\/it\/wp-json\/wp\/v2\/product\/3006","targetHints":{"allow":["GET"]}}],"collection":[{"href":"https:\/\/www.dolivo.shop\/it\/wp-json\/wp\/v2\/product"}],"about":[{"href":"https:\/\/www.dolivo.shop\/it\/wp-json\/wp\/v2\/types\/product"}],"wp:featuredmedia":[{"embeddable":true,"href":"https:\/\/www.dolivo.shop\/it\/wp-json\/wp\/v2\/media\/900"}],"wp:attachment":[{"href":"https:\/\/www.dolivo.shop\/it\/wp-json\/wp\/v2\/media?parent=3006"}],"wp:term":[{"taxonomy":"product_brand","embeddable":true,"href":"https:\/\/www.dolivo.shop\/it\/wp-json\/wp\/v2\/product_brand?post=3006"},{"taxonomy":"product_cat","embeddable":true,"href":"https:\/\/www.dolivo.shop\/it\/wp-json\/wp\/v2\/product_cat?post=3006"},{"taxonomy":"product_tag","embeddable":true,"href":"https:\/\/www.dolivo.shop\/it\/wp-json\/wp\/v2\/product_tag?post=3006"}],"curies":[{"name":"wp","href":"https:\/\/api.w.org\/{rel}","templated":true}]}}