{"id":3040,"date":"2021-06-24T15:59:13","date_gmt":"2021-06-24T14:59:13","guid":{"rendered":"https:\/\/www.dolivo.shop\/?post_type=product&#038;p=3040"},"modified":"2026-05-15T13:04:12","modified_gmt":"2026-05-15T12:04:12","slug":"schiaccianoci-dimer","status":"publish","type":"product","link":"https:\/\/www.dolivo.shop\/it\/prodotto\/schiaccianoci-dimer\/","title":{"rendered":"Schiaccianoci &#8220;dimer&#8221; in legno di olivo"},"content":{"rendered":"<h2 data-start=\"132\" data-end=\"467\">La forza dell\u2019ulivo, in cucina<\/h2>\n<p data-start=\"132\" data-end=\"467\">Questo <strong data-start=\"139\" data-end=\"174\">schiaccianoci in legno di ulivo<\/strong> \u00e8 molto pi\u00f9 di un semplice utensile da cucina: \u00e8 un piccolo oggetto d\u2019uso quotidiano capace di portare in tavola il fascino autentico di un materiale nobile e vivo. Il vero protagonista \u00e8 proprio il <strong data-start=\"374\" data-end=\"392\">legno di ulivo<\/strong>, scelto non solo per la sua bellezza, ma per le sue qualit\u00e0 straordinarie.<\/p>\n<p data-start=\"469\" data-end=\"784\">L\u2019ulivo \u00e8 un legno compatto, duro e naturalmente resistente, perfetto per accompagnare nel tempo l\u2019uso di ogni giorno. Le sue venature irregolari, calde e movimentate, raccontano una storia sempre diversa: per questo <strong data-start=\"686\" data-end=\"716\">ogni schiaccianoci \u00e8 unico<\/strong>, con sfumature e disegni naturali che non possono essere replicati.<\/p>\n<p data-start=\"786\" data-end=\"1140\">La scelta del <strong data-start=\"800\" data-end=\"818\">legno di ulivo<\/strong> d\u00e0 a questo oggetto un valore speciale anche dal punto di vista estetico. Non \u00e8 un accessorio anonimo da nascondere in un cassetto, ma un complemento bello da lasciare in vista, capace di unire praticit\u00e0 e carattere. La sua presenza richiama una cucina fatta di gesti semplici, materiali veri e attenzione per i dettagli.<\/p>\n<p data-start=\"1142\" data-end=\"1461\"><span class=\"item_price\">Offre il vantaggio di poter <strong>controllare con precisione<\/strong> la forza da imprimere, poi, una volta rotta la noce, la stessa rimane all\u2019interno dello schiaccianoci evitando cos\u00ec lo sparpagliarsi delle bucce. Adatto anche per <strong>schiacciare aglio, pinoli ed ogni tipo di noce<\/strong>.<\/span><\/p>\n<p>&nbsp;<\/p>\n<p><strong>Adatto al contatto alimentare ed antibatterico.<\/strong><\/p>\n<div class=\"w-post-elm post_content descrizione-prodotto\">\n<p>&nbsp;<\/p>\n<\/div>\n<div class=\"w-post-elm post_content descrizione-prodotto\">\n<h2>Un\u2019idea originale per una bomboniera eco-friendly<\/h2>\n<p>Il suo stile naturale e la lavorazione artigianale lo rendono un pensiero perfetto per<span>\u00a0<\/span><em>matrimoni, comunioni o eventi speciali<\/em>.<span><\/span><\/p>\n<p><span>Su richiesta possiamo realizzare\u00a0<strong>incisioni\u00a0<\/strong>personalizzate.<\/span><\/p>\n<\/div>\n<p>&nbsp;<\/p>\n<p><strong>Dimensioni<\/strong>: 6x6x10 cm.<\/p>\n<p>&nbsp;<\/p>\n<div class=\"w-post-elm post_content descrizione-prodotto\">\n<div class=\"w-post-elm post_content descrizione-prodotto\">\n<h3>Nota importante<\/h3>\n<p><em>Oggetto realizzato artigianalmente: piccole imperfezioni o lievi differenze sono da intendersi non come difetti, ma come un segno della genuinit\u00e0 del prodotto.<\/em><\/p>\n<\/div>\n<\/div>\n","protected":false},"excerpt":{"rendered":"<p>La forza dell\u2019ulivo, in cucina Questo schiaccianoci in legno di ulivo \u00e8 molto pi\u00f9 di un semplice utensile da cucina: \u00e8 un piccolo oggetto d\u2019uso quotidiano capace di portare in tavola il fascino autentico di un materiale nobile e vivo. Il vero protagonista \u00e8 proprio il legno di ulivo, scelto non solo per la sua&#8230;<\/p>\n","protected":false},"featured_media":1093,"template":"","meta":{"_acf_changed":false},"product_brand":[],"product_cat":[23,27],"product_tag":[],"class_list":{"0":"post-3040","1":"product","2":"type-product","3":"status-publish","4":"has-post-thumbnail","6":"product_cat-in-cucina","7":"product_cat-utensili","9":"first","10":"instock","11":"taxable","12":"shipping-taxable","13":"purchasable","14":"product-type-simple"},"acf":[],"_links":{"self":[{"href":"https:\/\/www.dolivo.shop\/it\/wp-json\/wp\/v2\/product\/3040","targetHints":{"allow":["GET"]}}],"collection":[{"href":"https:\/\/www.dolivo.shop\/it\/wp-json\/wp\/v2\/product"}],"about":[{"href":"https:\/\/www.dolivo.shop\/it\/wp-json\/wp\/v2\/types\/product"}],"wp:featuredmedia":[{"embeddable":true,"href":"https:\/\/www.dolivo.shop\/it\/wp-json\/wp\/v2\/media\/1093"}],"wp:attachment":[{"href":"https:\/\/www.dolivo.shop\/it\/wp-json\/wp\/v2\/media?parent=3040"}],"wp:term":[{"taxonomy":"product_brand","embeddable":true,"href":"https:\/\/www.dolivo.shop\/it\/wp-json\/wp\/v2\/product_brand?post=3040"},{"taxonomy":"product_cat","embeddable":true,"href":"https:\/\/www.dolivo.shop\/it\/wp-json\/wp\/v2\/product_cat?post=3040"},{"taxonomy":"product_tag","embeddable":true,"href":"https:\/\/www.dolivo.shop\/it\/wp-json\/wp\/v2\/product_tag?post=3040"}],"curies":[{"name":"wp","href":"https:\/\/api.w.org\/{rel}","templated":true}]}}