{"id":3044,"date":"2021-06-24T15:59:14","date_gmt":"2021-06-24T14:59:14","guid":{"rendered":"https:\/\/www.dolivo.shop\/?post_type=product&#038;p=3044"},"modified":"2026-05-03T13:56:50","modified_gmt":"2026-05-03T12:56:50","slug":"rigagnocchi","status":"publish","type":"product","link":"https:\/\/www.dolivo.shop\/it\/prodotto\/rigagnocchi\/","title":{"rendered":"Riga gnocchi in legno di olivo"},"content":{"rendered":"<h2>La tradizione degli gnocchi prende forma nel legno d\u2019olivo<\/h2>\n<p>&nbsp;<\/p>\n<p>Utilizzo specifico per i gnocchi. Quando lo gnocco \u00e8 ancora fresco e crudo si passa una o pi\u00f9 volte sopra il riga gnocchi. \u00c8 una antica tradizione italiana: lo gnocco rigato assorbe meglio il sugo mantenendo cos\u00ec un sapore pi\u00f9 intenso.<\/p>\n<p>&nbsp;<\/p>\n<p><strong>Adatto al contatto alimentare ed antibatterico.<\/strong><\/p>\n<div class=\"w-post-elm post_content descrizione-prodotto\">\n<p>&nbsp;<\/p>\n<p class=\"p1\">Un oggetto semplice e al tempo stesso utile: realizzato in autentico legno d\u2019ulivo unisce<span>\u00a0<\/span><span class=\"s1\"><b>design originale<span>\u00a0<\/span><\/b><\/span>e<span>\u00a0<\/span><span class=\"s1\"><b>funzionalit\u00e0<\/b><\/span>. Perfetto per aggiungere un tocco di calore alla cucina.<\/p>\n<p class=\"p1\">Il<span>\u00a0<\/span><span class=\"s1\"><b>legno d\u2019ulivo<\/b><\/span>, con le sue venature naturali e i toni caldi e rilassanti, rende ogni riga gnocco<span>\u00a0<\/span><span class=\"s1\"><b>un pezzo unico<\/b><\/span>. Trattato esclusivamente con olio naturale, senza vernici n\u00e9 sostanze chimiche, nel pieno rispetto della tradizione artigianale e dell\u2019ambiente.<\/p>\n<p class=\"p1\"><span class=\"s1\"><strong>Sostenibile<span>\u00a0<\/span><\/strong><b>e autentico<span>\u00a0<\/span><\/b><\/span>il legno di ulivo \u00e8 una scelta consapevole per chi ama bellezza, praticit\u00e0 d\u2019uso, natura e artigianato.<\/p>\n<\/div>\n<div class=\"w-post-elm post_content descrizione-prodotto\">\n<p>&nbsp;<\/p>\n<h3>Un\u2019idea originale per una bomboniera eco-friendly<\/h3>\n<p>Il suo stile naturale e la lavorazione artigianale lo rendono un pensiero perfetto per<span>\u00a0<\/span><em>matrimoni, comunioni o eventi speciali<\/em>.<span><\/span><\/p>\n<p><span>Su richiesta possiamo realizzare\u00a0<strong>incisioni\u00a0<\/strong>personalizzate.<\/span><\/p>\n<\/div>\n<p>&nbsp;<\/p>\n<p><strong>Dimensioni:<\/strong><span> 6&#215;20 cm.<\/span><\/p>\n<p>&nbsp;<\/p>\n<div class=\"w-post-elm post_content descrizione-prodotto\">\n<div class=\"w-post-elm post_content descrizione-prodotto\">\n<h4>Nota importante<\/h4>\n<p><em>Oggetto realizzato artigianalmente: piccole imperfezioni o lievi differenze sono da intendersi non come difetti, ma come un segno della genuinit\u00e0 del prodotto.<\/em><\/p>\n<\/div>\n<\/div>\n","protected":false},"excerpt":{"rendered":"<p>La tradizione degli gnocchi prende forma nel legno d\u2019olivo &nbsp; Utilizzo specifico per i gnocchi. Quando lo gnocco \u00e8 ancora fresco e crudo si passa una o pi\u00f9 volte sopra il riga gnocchi. \u00c8 una antica tradizione italiana: lo gnocco rigato assorbe meglio il sugo mantenendo cos\u00ec un sapore pi\u00f9 intenso. &nbsp; Adatto al contatto&#8230;<\/p>\n","protected":false},"featured_media":1117,"template":"","meta":{"_acf_changed":false},"product_brand":[],"product_cat":[23,27],"product_tag":[],"class_list":{"0":"post-3044","1":"product","2":"type-product","3":"status-publish","4":"has-post-thumbnail","6":"product_cat-in-cucina","7":"product_cat-utensili","9":"first","10":"instock","11":"taxable","12":"shipping-taxable","13":"purchasable","14":"product-type-simple"},"acf":[],"_links":{"self":[{"href":"https:\/\/www.dolivo.shop\/it\/wp-json\/wp\/v2\/product\/3044","targetHints":{"allow":["GET"]}}],"collection":[{"href":"https:\/\/www.dolivo.shop\/it\/wp-json\/wp\/v2\/product"}],"about":[{"href":"https:\/\/www.dolivo.shop\/it\/wp-json\/wp\/v2\/types\/product"}],"wp:featuredmedia":[{"embeddable":true,"href":"https:\/\/www.dolivo.shop\/it\/wp-json\/wp\/v2\/media\/1117"}],"wp:attachment":[{"href":"https:\/\/www.dolivo.shop\/it\/wp-json\/wp\/v2\/media?parent=3044"}],"wp:term":[{"taxonomy":"product_brand","embeddable":true,"href":"https:\/\/www.dolivo.shop\/it\/wp-json\/wp\/v2\/product_brand?post=3044"},{"taxonomy":"product_cat","embeddable":true,"href":"https:\/\/www.dolivo.shop\/it\/wp-json\/wp\/v2\/product_cat?post=3044"},{"taxonomy":"product_tag","embeddable":true,"href":"https:\/\/www.dolivo.shop\/it\/wp-json\/wp\/v2\/product_tag?post=3044"}],"curies":[{"name":"wp","href":"https:\/\/api.w.org\/{rel}","templated":true}]}}