{"id":3049,"date":"2021-06-24T15:59:15","date_gmt":"2021-06-24T14:59:15","guid":{"rendered":"https:\/\/www.dolivo.shop\/?post_type=product&#038;p=3049"},"modified":"2026-02-05T17:33:21","modified_gmt":"2026-02-05T16:33:21","slug":"tagliapizza-manico-lungo","status":"publish","type":"product","link":"https:\/\/www.dolivo.shop\/it\/prodotto\/tagliapizza-manico-lungo\/","title":{"rendered":"Taglia pizza manico lungo"},"content":{"rendered":"<p class=\"dettaglio\">Il taglia pizza, \u00e8 uno strumento da cucina pensato per tagliare la pizza, lasagna o cannelloni. La parte in metallo \u00e8 in acciaio inox.<\/p>\n<p class=\"p1\">\u00c8 un utensile pratico, sicuro e indispensabile per chi ama gustare la pizza ben sezionata e con un taglio netto.<\/p>\n<p>&nbsp;<\/p>\n<p><strong>Adatto al contatto alimentare.<\/strong><\/p>\n<p>&nbsp;<\/p>\n<p class=\"p1\">Questa versione \u00e8 dotata di un <span class=\"s1\"><b>disco in acciaio inox <\/b><\/span>e di un <span class=\"s1\"><b>manico ergonomico in pregiato legno di ulivo<\/b><\/span>, che dona calore, eleganza e unicit\u00e0 a ogni pezzo. Il legno d\u2019ulivo, con le sue venature naturali, rende ogni taglia pizza un <span class=\"s1\"><b>pezzo unico<\/b><\/span> e ricco di fascino artigianale. Trattato esclusivamente con olio naturale, senza vernici n\u00e9 sostanze chimiche, nel pieno rispetto della tradizione artigianale e dell\u2019ambiente.<\/p>\n<div class=\"w-post-elm post_content descrizione-prodotto\">\n<p class=\"p1\"><span class=\"s1\"><strong>Sostenibile<span>\u00a0<\/span><\/strong><b>e autentico<span>\u00a0<\/span><\/b><\/span>il legno di ulivo \u00e8 una scelta consapevole per chi ama bellezza, praticit\u00e0 d\u2019uso, natura ed artigianato.<\/p>\n<\/div>\n<div class=\"w-post-elm post_content descrizione-prodotto\">\n<p>&nbsp;<\/p>\n<h3>Un\u2019idea originale per una bomboniera eco-friendly<\/h3>\n<p>Il suo stile naturale e la lavorazione artigianale lo rendono un pensiero perfetto per<span>\u00a0<\/span><em>matrimoni, comunioni o eventi speciali<\/em>.<span>\u00a0<\/span><\/p>\n<p><span>Su richiesta possiamo realizzare\u00a0<\/span><strong>incisioni<span>\u00a0<\/span><\/strong>personalizzate, sia sul metallo che sul legno<span>.<\/span><\/p>\n<p>&nbsp;<\/p>\n<\/div>\n<p><strong>Dimensioni<\/strong>: 19.5&#215;6.5 cm.<\/p>\n<p>&nbsp;<\/p>\n<div class=\"w-post-elm post_content descrizione-prodotto\">\n<div class=\"w-post-elm post_content descrizione-prodotto\">\n<h4>Nota importante<\/h4>\n<p><em>Oggetto realizzato artigianalmente: piccole imperfezioni o lievi differenze sono da intendersi non come difetti, ma come un segno della genuinit\u00e0 del prodotto.<\/em><\/p>\n<\/div>\n<\/div>\n","protected":false},"excerpt":{"rendered":"<p>Il taglia pizza, \u00e8 uno strumento da cucina pensato per tagliare la pizza, lasagna o cannelloni. La parte in metallo \u00e8 in acciaio inox. \u00c8 un utensile pratico, sicuro e indispensabile per chi ama gustare la pizza ben sezionata e con un taglio netto. &nbsp; Adatto al contatto alimentare. &nbsp; Questa versione \u00e8 dotata di&#8230;<\/p>\n","protected":false},"featured_media":1153,"template":"","meta":{"_acf_changed":false},"product_brand":[],"product_cat":[23,27],"product_tag":[],"class_list":{"0":"post-3049","1":"product","2":"type-product","3":"status-publish","4":"has-post-thumbnail","6":"product_cat-in-cucina","7":"product_cat-utensili","9":"first","10":"instock","11":"taxable","12":"shipping-taxable","13":"purchasable","14":"product-type-simple"},"acf":[],"_links":{"self":[{"href":"https:\/\/www.dolivo.shop\/it\/wp-json\/wp\/v2\/product\/3049","targetHints":{"allow":["GET"]}}],"collection":[{"href":"https:\/\/www.dolivo.shop\/it\/wp-json\/wp\/v2\/product"}],"about":[{"href":"https:\/\/www.dolivo.shop\/it\/wp-json\/wp\/v2\/types\/product"}],"wp:featuredmedia":[{"embeddable":true,"href":"https:\/\/www.dolivo.shop\/it\/wp-json\/wp\/v2\/media\/1153"}],"wp:attachment":[{"href":"https:\/\/www.dolivo.shop\/it\/wp-json\/wp\/v2\/media?parent=3049"}],"wp:term":[{"taxonomy":"product_brand","embeddable":true,"href":"https:\/\/www.dolivo.shop\/it\/wp-json\/wp\/v2\/product_brand?post=3049"},{"taxonomy":"product_cat","embeddable":true,"href":"https:\/\/www.dolivo.shop\/it\/wp-json\/wp\/v2\/product_cat?post=3049"},{"taxonomy":"product_tag","embeddable":true,"href":"https:\/\/www.dolivo.shop\/it\/wp-json\/wp\/v2\/product_tag?post=3049"}],"curies":[{"name":"wp","href":"https:\/\/api.w.org\/{rel}","templated":true}]}}