{"id":3070,"date":"2021-06-24T15:59:33","date_gmt":"2021-06-24T14:59:33","guid":{"rendered":"https:\/\/www.dolivo.shop\/?post_type=product&#038;p=3070"},"modified":"2026-04-23T17:30:44","modified_gmt":"2026-04-23T16:30:44","slug":"set-sagrantino","status":"publish","type":"product","link":"https:\/\/www.dolivo.shop\/it\/prodotto\/set-sagrantino\/","title":{"rendered":"Set &#8220;Sagrantino&#8221; in legno di olivo"},"content":{"rendered":"<p class=\"p3\">Il <span class=\"s2\"><b>Set Sagrantino<\/b><\/span> \u00e8 molto pi\u00f9 di un semplice accessorio da tavola: \u00e8 un invito a vivere la convivialit\u00e0 italiana con stile e autenticit\u00e0. Realizzato a mano in <span class=\"s2\"><b>puro legno d\u2019ulivo naturale<\/b><\/span>, unisce funzionalit\u00e0, design e la bellezza senza tempo delle venature calde e irregolari che rendono ogni pezzo unico.<\/p>\n<p>&nbsp;<\/p>\n<p class=\"p3\">All\u2019interno del set troverai:<\/p>\n<p class=\"p1\"><span class=\"s1\"><b>6 sottobicchieri quadrati in ulivo, 10&#215;10 cm<\/b><\/span> \u2013 perfetti per proteggere il tavolo da bicchieri e calici, aggiungendo un tocco di classe.<\/p>\n<p class=\"p1\"><span class=\"s1\"><b>1 sottobottiglia, \u00f8 11 cm<\/b><\/span> \u2013 pensato per accogliere vini pregiati, oli o liquori senza rischiare macchie.<\/p>\n<p><span class=\"s1\"><b>1 cavatappi<\/b><\/span> \u2013 <span>apre con stile le bottiglie dei momenti speciali, unendo tradizione e praticit\u00e0 in un solo gesto.<\/span><\/p>\n<p class=\"p1\"><span class=\"s1\"><b>1 tappo con testa in ulivo e sughero naturale<\/b><\/span> \u2013 ideale per richiudere le bottiglie con eleganza e praticit\u00e0.<\/p>\n<p>&nbsp;<\/p>\n<p class=\"p3\">Il Set Sagrantino \u00e8 l\u2019alleato perfetto per una cena tra amici, una degustazione di vini o come idea regalo raffinata per chi ama lo stile mediterraneo.<\/p>\n<p>&nbsp;<\/p>\n<p class=\"p4\"><b>100% legno di olivo naturale, antibatterico e durevole. <\/b><b><\/b>Trattato solo con <span class=\"s2\"><b>olio naturale<\/b><\/span>, senza vernici o sostanze chimiche.<\/p>\n<p>&nbsp;<\/p>\n<h2>Un\u2019idea originale per una bomboniera eco-friendly<\/h2>\n<p>Il suo stile naturale e la lavorazione artigianale lo rendono un pensiero perfetto per<span>\u00a0<\/span><em>matrimoni, comunioni o eventi speciali<\/em>.<\/p>\n<p><span>Su richiesta possiamo realizzare\u00a0<\/span><strong>incisioni<span>\u00a0<\/span><\/strong><span>personalizzate, sia sul metallo che sul legno<\/span><span>.<\/span><\/p>\n<p>&nbsp;<\/p>\n<h2>Nota importante<\/h2>\n<p><em>Oggetto realizzato artigianalmente: piccole imperfezioni o lievi differenze sono da intendersi non come difetti, ma come un segno della genuinit\u00e0 del prodotto.<\/em><\/p>\n","protected":false},"excerpt":{"rendered":"<p>Il Set Sagrantino \u00e8 molto pi\u00f9 di un semplice accessorio da tavola: \u00e8 un invito a vivere la convivialit\u00e0 italiana con stile e autenticit\u00e0. Realizzato a mano in puro legno d\u2019ulivo naturale, unisce funzionalit\u00e0, design e la bellezza senza tempo delle venature calde e irregolari che rendono ogni pezzo unico. &nbsp; All\u2019interno del set troverai:&#8230;<\/p>\n","protected":false},"featured_media":1321,"template":"","meta":{"_acf_changed":false},"product_brand":[],"product_cat":[23,26],"product_tag":[],"class_list":{"0":"post-3070","1":"product","2":"type-product","3":"status-publish","4":"has-post-thumbnail","6":"product_cat-in-cucina","7":"product_cat-accessori-vino","9":"first","10":"instock","11":"taxable","12":"shipping-taxable","13":"purchasable","14":"product-type-simple"},"acf":[],"_links":{"self":[{"href":"https:\/\/www.dolivo.shop\/it\/wp-json\/wp\/v2\/product\/3070","targetHints":{"allow":["GET"]}}],"collection":[{"href":"https:\/\/www.dolivo.shop\/it\/wp-json\/wp\/v2\/product"}],"about":[{"href":"https:\/\/www.dolivo.shop\/it\/wp-json\/wp\/v2\/types\/product"}],"wp:featuredmedia":[{"embeddable":true,"href":"https:\/\/www.dolivo.shop\/it\/wp-json\/wp\/v2\/media\/1321"}],"wp:attachment":[{"href":"https:\/\/www.dolivo.shop\/it\/wp-json\/wp\/v2\/media?parent=3070"}],"wp:term":[{"taxonomy":"product_brand","embeddable":true,"href":"https:\/\/www.dolivo.shop\/it\/wp-json\/wp\/v2\/product_brand?post=3070"},{"taxonomy":"product_cat","embeddable":true,"href":"https:\/\/www.dolivo.shop\/it\/wp-json\/wp\/v2\/product_cat?post=3070"},{"taxonomy":"product_tag","embeddable":true,"href":"https:\/\/www.dolivo.shop\/it\/wp-json\/wp\/v2\/product_tag?post=3070"}],"curies":[{"name":"wp","href":"https:\/\/api.w.org\/{rel}","templated":true}]}}