{"id":3087,"date":"2021-06-24T15:59:50","date_gmt":"2021-06-24T14:59:50","guid":{"rendered":"https:\/\/www.dolivo.shop\/?post_type=product&#038;p=3087"},"modified":"2026-02-11T20:18:10","modified_gmt":"2026-02-11T19:18:10","slug":"quadretto-fratello-vento","status":"publish","type":"product","link":"https:\/\/www.dolivo.shop\/it\/prodotto\/quadretto-fratello-vento\/","title":{"rendered":"Fratello vento &#8211; quadretto in legno di olivo dipinto a mano"},"content":{"rendered":"<h2 class=\"p1\"><span class=\"s1\">Frate Vento<\/span> \u2013 che porta nuvole, sereno e ogni tempo<\/h2>\n<p class=\"p1\">Un quadro unico, dipinto a mano su legno d\u2019ulivo, che rappresenta il vento come simbolo di libert\u00e0, movimento e cambiamento. Ogni quadro \u00e8 un pezzo unico, creato artigianalmente per portare serenit\u00e0 e riflessione. La pittura a tempera acrilica \u00e8 applicata con precisione, creando un\u2019immagine che evoca il legame tra la natura e la spiritualit\u00e0. Un\u2019opera ideale per chi cerca un <span class=\"s1\"><b>regalo spirituale<\/b><\/span> o una <span class=\"s1\"><b>decorazione religiosa<\/b><\/span> che simboleggi il dinamismo e la forza naturale.<\/p>\n<p class=\"p1\">Pensata come una<span>\u00a0<\/span><span class=\"s1\"><b>piccola tavola decorativa<\/b><\/span><span>\u00a0<\/span>realizzata in<span>\u00a0<\/span><span class=\"s1\"><b>legno di ulivo naturale<\/b><\/span>, caratterizzata dalle sue venature calde e pregiate e trattato esclusivamente con olio naturale, senza vernici n\u00e9 sostanze chimiche, nel pieno rispetto della tradizione artigianale e dell\u2019ambiente.<\/p>\n<div class=\"w-post-elm post_content descrizione-prodotto\">\n<p class=\"p1\"><span class=\"s1\"><strong>Sostenibile<span>\u00a0<\/span><\/strong><b>e autentico<span>\u00a0<\/span><\/b><\/span>il legno di ulivo \u00e8 una scelta consapevole per chi ama bellezza, praticit\u00e0 d\u2019uso, natura e artigianato.<\/p>\n<\/div>\n<div class=\"w-post-elm post_content descrizione-prodotto\">\n<h2>Un\u2019idea originale per una bomboniera eco-friendly<\/h2>\n<p>Il suo stile naturale e la lavorazione artigianale lo rendono un pensiero perfetto per<span>\u00a0<\/span><em>matrimoni, comunioni o eventi speciali<\/em>.<span>\u00a0<\/span><\/p>\n<p><span>Su richiesta possiamo realizzare\u00a0<\/span><strong>incisioni<span>\u00a0<\/span><\/strong>personalizzate<span>.<\/span><\/p>\n<\/div>\n<p>&nbsp;<\/p>\n<p><strong>Dimensioni<\/strong>: 10.5\u00d70.5 cm.<\/p>\n<div class=\"w-post-elm post_content descrizione-prodotto\">\n<h2 class=\"w-post-elm post_content descrizione-prodotto\">Nota importante<\/h2>\n<div class=\"w-post-elm post_content descrizione-prodotto\">\n<p><em>Oggetto realizzato artigianalmente: piccole imperfezioni o lievi differenze sono da intendersi non come difetti, ma come un segno della genuinit\u00e0 del prodotto.<\/em><\/p>\n<\/div>\n<\/div>\n","protected":false},"excerpt":{"rendered":"<p>Frate Vento \u2013 che porta nuvole, sereno e ogni tempo Un quadro unico, dipinto a mano su legno d\u2019ulivo, che rappresenta il vento come simbolo di libert\u00e0, movimento e cambiamento. Ogni quadro \u00e8 un pezzo unico, creato artigianalmente per portare serenit\u00e0 e riflessione. La pittura a tempera acrilica \u00e8 applicata con precisione, creando un\u2019immagine che&#8230;<\/p>\n","protected":false},"featured_media":6549,"template":"","meta":{"_acf_changed":false},"product_brand":[],"product_cat":[22,41],"product_tag":[],"class_list":{"0":"post-3087","1":"product","2":"type-product","3":"status-publish","4":"has-post-thumbnail","6":"product_cat-oggettistica","7":"product_cat-magneti","9":"first","10":"instock","11":"taxable","12":"shipping-taxable","13":"purchasable","14":"product-type-simple"},"acf":[],"_links":{"self":[{"href":"https:\/\/www.dolivo.shop\/it\/wp-json\/wp\/v2\/product\/3087","targetHints":{"allow":["GET"]}}],"collection":[{"href":"https:\/\/www.dolivo.shop\/it\/wp-json\/wp\/v2\/product"}],"about":[{"href":"https:\/\/www.dolivo.shop\/it\/wp-json\/wp\/v2\/types\/product"}],"wp:featuredmedia":[{"embeddable":true,"href":"https:\/\/www.dolivo.shop\/it\/wp-json\/wp\/v2\/media\/6549"}],"wp:attachment":[{"href":"https:\/\/www.dolivo.shop\/it\/wp-json\/wp\/v2\/media?parent=3087"}],"wp:term":[{"taxonomy":"product_brand","embeddable":true,"href":"https:\/\/www.dolivo.shop\/it\/wp-json\/wp\/v2\/product_brand?post=3087"},{"taxonomy":"product_cat","embeddable":true,"href":"https:\/\/www.dolivo.shop\/it\/wp-json\/wp\/v2\/product_cat?post=3087"},{"taxonomy":"product_tag","embeddable":true,"href":"https:\/\/www.dolivo.shop\/it\/wp-json\/wp\/v2\/product_tag?post=3087"}],"curies":[{"name":"wp","href":"https:\/\/api.w.org\/{rel}","templated":true}]}}