{"id":3105,"date":"2021-06-24T15:59:54","date_gmt":"2021-06-24T14:59:54","guid":{"rendered":"https:\/\/www.dolivo.shop\/?post_type=product&#038;p=3105"},"modified":"2025-09-30T21:02:38","modified_gmt":"2025-09-30T20:02:38","slug":"domino","status":"publish","type":"product","link":"https:\/\/www.dolivo.shop\/it\/prodotto\/domino\/","title":{"rendered":"Backgammon, scacchi e dama"},"content":{"rendered":"<p class=\"p1\">Rivivi il fascino intramontabile del <span class=\"s1\"><b>backgammon artigianale<\/b><\/span> con questo elegante set realizzato in <span class=\"s1\"><b>legno di ulivo naturale<\/b><\/span>. Ogni pezzo \u00e8 unico grazie alle venature calde e variegate del legno, simbolo della bellezza mediterranea e della maestria artigianale italiana.<\/p>\n<h3><b>Caratteristiche principali:<\/b><\/h3>\n<ul>\n<li>\n<p class=\"p1\"><span class=\"s1\"><b>materiale naturale<\/b><\/span>: legno di ulivo di alta qualit\u00e0, resistente e dalle venature uniche<\/p>\n<\/li>\n<li>\n<p class=\"p1\"><span class=\"s1\"><b>design elegante e funzionale<\/b><\/span>: chiusura con cerniere e pedine coordinate. <span class=\"item_price\">Con la parte interna si gioca a domino. Con quella esterna a scacchi o dama.<\/span><\/p>\n<\/li>\n<li>\n<p class=\"p1\"><span class=\"s1\"><b>realizzazione artigianale<\/b><\/span>: ogni set \u00e8 rifinito a mano per garantire unicit\u00e0 e qualit\u00e0<\/p>\n<\/li>\n<li>\n<p class=\"p1\"><span class=\"s1\"><b>completo di pedine, dadi e le figure dei scacchi<\/b><\/span>: pronto per giocare e per essere regalato<\/p>\n<\/li>\n<\/ul>\n<h3><b>Perch\u00e9 sceglierlo?<\/b><\/h3>\n<p class=\"p1\">Il backgammon \u00e8 uno dei giochi pi\u00f9 antichi e amati al mondo, perfetto per momenti di svago in famiglia o tra amici. Questo set in legno di ulivo non \u00e8 solo un gioco, ma anche un raffinato <span class=\"s1\"><b>oggetto d\u2019arredo<\/b><\/span> e una <span class=\"s1\"><b>splendida idea regalo<\/b><\/span> per appassionati di giochi da tavolo e amanti del design naturale.<\/p>\n<p class=\"p1\">Porta a casa un pezzo di tradizione e trasforma ogni partita in un\u2019esperienza unica e di stile.<\/p>\n<p>Su richiesta possiamo realizzare <strong>incisioni\u00a0<\/strong>personalizzate.<\/p>\n<p>&nbsp;<\/p>\n<p><strong>Dimensioni<\/strong>: da chiuso 40x20x9h.<\/p>\n<p>&nbsp;<\/p>\n<div class=\"w-post-elm post_content descrizione-prodotto\">\n<div class=\"w-post-elm post_content descrizione-prodotto\">\n<h4>Nota importante<\/h4>\n<p><em>Oggetto realizzato artigianalmente: piccole imperfezioni o lievi differenze sono da intendersi non come difetti, ma come un segno della genuinit\u00e0 del prodotto.<\/em><\/p>\n<\/div>\n<\/div>\n","protected":false},"excerpt":{"rendered":"<p>Rivivi il fascino intramontabile del backgammon artigianale con questo elegante set realizzato in legno di ulivo naturale. Ogni pezzo \u00e8 unico grazie alle venature calde e variegate del legno, simbolo della bellezza mediterranea e della maestria artigianale italiana. Caratteristiche principali: materiale naturale: legno di ulivo di alta qualit\u00e0, resistente e dalle venature uniche design elegante&#8230;<\/p>\n","protected":false},"featured_media":1551,"template":"","meta":{"_acf_changed":false},"product_brand":[],"product_cat":[22,87],"product_tag":[],"class_list":{"0":"post-3105","1":"product","2":"type-product","3":"status-publish","4":"has-post-thumbnail","6":"product_cat-oggettistica","7":"product_cat-giochi","9":"first","10":"outofstock","11":"taxable","12":"shipping-taxable","13":"purchasable","14":"product-type-simple"},"acf":[],"_links":{"self":[{"href":"https:\/\/www.dolivo.shop\/it\/wp-json\/wp\/v2\/product\/3105","targetHints":{"allow":["GET"]}}],"collection":[{"href":"https:\/\/www.dolivo.shop\/it\/wp-json\/wp\/v2\/product"}],"about":[{"href":"https:\/\/www.dolivo.shop\/it\/wp-json\/wp\/v2\/types\/product"}],"wp:featuredmedia":[{"embeddable":true,"href":"https:\/\/www.dolivo.shop\/it\/wp-json\/wp\/v2\/media\/1551"}],"wp:attachment":[{"href":"https:\/\/www.dolivo.shop\/it\/wp-json\/wp\/v2\/media?parent=3105"}],"wp:term":[{"taxonomy":"product_brand","embeddable":true,"href":"https:\/\/www.dolivo.shop\/it\/wp-json\/wp\/v2\/product_brand?post=3105"},{"taxonomy":"product_cat","embeddable":true,"href":"https:\/\/www.dolivo.shop\/it\/wp-json\/wp\/v2\/product_cat?post=3105"},{"taxonomy":"product_tag","embeddable":true,"href":"https:\/\/www.dolivo.shop\/it\/wp-json\/wp\/v2\/product_tag?post=3105"}],"curies":[{"name":"wp","href":"https:\/\/api.w.org\/{rel}","templated":true}]}}