{"id":3265,"date":"2021-06-24T16:01:47","date_gmt":"2021-06-24T15:01:47","guid":{"rendered":"https:\/\/www.dolivo.shop\/?post_type=product&#038;p=3265"},"modified":"2025-08-10T13:59:28","modified_gmt":"2025-08-10T12:59:28","slug":"mf","status":"publish","type":"product","link":"https:\/\/www.dolivo.shop\/it\/prodotto\/mf\/","title":{"rendered":"Bracciale MF"},"content":{"rendered":"<div class=\"w-post-elm post_content\">\n<div class=\"w-post-elm post_content\">\n<h3><b>Tradizione, spiritualit\u00e0 e artigianato in un unico gioiello<\/b><\/h3>\n<p class=\"p3\">Questo <span class=\"s2\"><b>bracciale con nodo ortodosso<\/b><\/span> \u00e8 realizzato a mano intrecciando corda resistente di alta qualit\u00e0, con ogni nodo che porta un significato di preghiera e meditazione. Il pendente a forma di <span class=\"s2\"><b>croce in legno di ulivo<\/b><\/span> aggiunge un tocco autentico e simbolico, richiamando la pace e la forza della tradizione cristiana.<\/p>\n<p class=\"p3\">Indossarlo significa portare sempre con s\u00e9 un segno di fede, ma anche apprezzare un accessorio unico, resistente e confortevole. Grazie al suo stile semplice e naturale, si abbina facilmente a qualsiasi look. Pensato per durare nel tempo.<\/p>\n<p>&nbsp;<\/p>\n<\/div>\n<p><span class=\"item_price\"><strong>Bracciale a decina unisex<\/strong>. Tau 12\u00d716 mm. Chiusura ad asola. Lunghezza 18 cm.\u00a0<\/span><\/p>\n<\/div>\n<h3><b>Un\u2019idea regalo originale<\/b><\/h3>\n<p class=\"p3\">Che sia per un compleanno, una ricorrenza speciale o un pensiero simbolico, un bracciale in corda intrecciata e legno di ulivo \u00e8 sempre una scelta apprezzata. Grazie alla leggerezza e alla resistenza dei materiali, pu\u00f2 essere indossato ogni giorno, diventando un compagno di vita che racconta una storia di natura e tradizione.<\/p>\n<p class=\"p3\"><span class=\"s1\">Perfetto <\/span>per momenti spirituali speciali, pellegrinaggi o come ricordo di fede da portare ogni giorno.<\/p>\n","protected":false},"excerpt":{"rendered":"<p>Tradizione, spiritualit\u00e0 e artigianato in un unico gioiello Questo bracciale con nodo ortodosso \u00e8 realizzato a mano intrecciando corda resistente di alta qualit\u00e0, con ogni nodo che porta un significato di preghiera e meditazione. Il pendente a forma di croce in legno di ulivo aggiunge un tocco autentico e simbolico, richiamando la pace e la&#8230;<\/p>\n","protected":false},"featured_media":2298,"template":"","meta":{"_acf_changed":false},"product_brand":[],"product_cat":[114,115],"product_tag":[],"class_list":{"0":"post-3265","1":"product","2":"type-product","3":"status-publish","4":"has-post-thumbnail","6":"product_cat-bigiotteria","7":"product_cat-bracciali","9":"first","10":"instock","11":"taxable","12":"shipping-taxable","13":"purchasable","14":"product-type-simple"},"acf":[],"_links":{"self":[{"href":"https:\/\/www.dolivo.shop\/it\/wp-json\/wp\/v2\/product\/3265","targetHints":{"allow":["GET"]}}],"collection":[{"href":"https:\/\/www.dolivo.shop\/it\/wp-json\/wp\/v2\/product"}],"about":[{"href":"https:\/\/www.dolivo.shop\/it\/wp-json\/wp\/v2\/types\/product"}],"wp:featuredmedia":[{"embeddable":true,"href":"https:\/\/www.dolivo.shop\/it\/wp-json\/wp\/v2\/media\/2298"}],"wp:attachment":[{"href":"https:\/\/www.dolivo.shop\/it\/wp-json\/wp\/v2\/media?parent=3265"}],"wp:term":[{"taxonomy":"product_brand","embeddable":true,"href":"https:\/\/www.dolivo.shop\/it\/wp-json\/wp\/v2\/product_brand?post=3265"},{"taxonomy":"product_cat","embeddable":true,"href":"https:\/\/www.dolivo.shop\/it\/wp-json\/wp\/v2\/product_cat?post=3265"},{"taxonomy":"product_tag","embeddable":true,"href":"https:\/\/www.dolivo.shop\/it\/wp-json\/wp\/v2\/product_tag?post=3265"}],"curies":[{"name":"wp","href":"https:\/\/api.w.org\/{rel}","templated":true}]}}