{"id":3269,"date":"2021-06-24T16:01:47","date_gmt":"2021-06-24T15:01:47","guid":{"rendered":"https:\/\/www.dolivo.shop\/?post_type=product&#038;p=3269"},"modified":"2026-03-24T14:50:02","modified_gmt":"2026-03-24T13:50:02","slug":"benedizione-di-s-francesco","status":"publish","type":"product","link":"https:\/\/www.dolivo.shop\/it\/prodotto\/benedizione-di-s-francesco\/","title":{"rendered":"Bracciale con benedizione di S. Francesco"},"content":{"rendered":"<div class=\"w-post-elm post_content\">\n<h3><b>Un simbolo di fede da portare sempre con te<\/b><\/h3>\n<p class=\"p3\">Realizzato in <span class=\"s2\"><b>vero cuoio di alta qualit\u00e0<\/b><\/span>, questo bracciale \u00e8 inciso con le parole intramontabili della <span class=\"s2\"><b>benedizione di San Francesco<\/b><\/span>. Un accessorio che unisce stile e spiritualit\u00e0, pensato per chi desidera portare con s\u00e9 un messaggio di protezione, speranza e connessione interiore.<\/p>\n<p class=\"p3\">Il cuoio, morbido e resistente, si avvolge comodamente attorno al polso, mentre l\u2019incisione precisa e duratura mantiene intatta la bellezza e il significato nel tempo. Grazie al design sobrio e unisex, \u00e8 perfetto per essere indossato ogni giorno o regalato a una persona cara.<\/p>\n<\/div>\n<p><b>Bracciale in vero cuoio con preghiera incisa della <span class=\"s2\">benedizione di San Francesco<\/span>. <\/b><span class=\"item_price\">Lunghezza 0.6&#215;62 cm.<\/span><\/p>\n<p>Testo della incisione: <em>Il Signore ti benedica e ti custodisca. Ti mostri la sua faccia e abbia di te misericordia. Volga a te il suo sguardo e ti dia pace.<\/em><\/p>\n<div class=\"w-post-elm post_content\">\n<p class=\"p1\"><span class=\"s1\"><b>Materiale<\/b><\/span>: vero cuoio naturale con chiusura in metallo a ghigliottina che impedisce al bracciale di allargarsi con il tempo.<\/p>\n<p class=\"p1\"><span class=\"s1\"><b>Design avvolgente<\/b><\/span>: si adatta facilmente a diverse misure di polso.<\/p>\n<p class=\"p1\"><span class=\"s1\"><b>Stile unisex<\/b><\/span>: ideale per uomo e donna.<\/p>\n<h3><b>Un\u2019idea regalo originale<\/b><\/h3>\n<p class=\"p3\">Che sia per un compleanno, una ricorrenza speciale o un pensiero simbolico, un bracciale in vero cuoio \u00e8 sempre una scelta apprezzata. Per cresime, comunioni, anniversari o momenti speciali in cui la spiritualit\u00e0 ha un valore unico.<\/p>\n<\/div>\n","protected":false},"excerpt":{"rendered":"<p>Un simbolo di fede da portare sempre con te Realizzato in vero cuoio di alta qualit\u00e0, questo bracciale \u00e8 inciso con le parole intramontabili della benedizione di San Francesco. Un accessorio che unisce stile e spiritualit\u00e0, pensato per chi desidera portare con s\u00e9 un messaggio di protezione, speranza e connessione interiore. Il cuoio, morbido e&#8230;<\/p>\n","protected":false},"featured_media":2319,"template":"","meta":{"_acf_changed":false},"product_brand":[],"product_cat":[114,115],"product_tag":[],"class_list":{"0":"post-3269","1":"product","2":"type-product","3":"status-publish","4":"has-post-thumbnail","6":"product_cat-bigiotteria","7":"product_cat-bracciali","9":"first","10":"instock","11":"taxable","12":"shipping-taxable","13":"purchasable","14":"product-type-variable"},"acf":[],"_links":{"self":[{"href":"https:\/\/www.dolivo.shop\/it\/wp-json\/wp\/v2\/product\/3269","targetHints":{"allow":["GET"]}}],"collection":[{"href":"https:\/\/www.dolivo.shop\/it\/wp-json\/wp\/v2\/product"}],"about":[{"href":"https:\/\/www.dolivo.shop\/it\/wp-json\/wp\/v2\/types\/product"}],"wp:featuredmedia":[{"embeddable":true,"href":"https:\/\/www.dolivo.shop\/it\/wp-json\/wp\/v2\/media\/2319"}],"wp:attachment":[{"href":"https:\/\/www.dolivo.shop\/it\/wp-json\/wp\/v2\/media?parent=3269"}],"wp:term":[{"taxonomy":"product_brand","embeddable":true,"href":"https:\/\/www.dolivo.shop\/it\/wp-json\/wp\/v2\/product_brand?post=3269"},{"taxonomy":"product_cat","embeddable":true,"href":"https:\/\/www.dolivo.shop\/it\/wp-json\/wp\/v2\/product_cat?post=3269"},{"taxonomy":"product_tag","embeddable":true,"href":"https:\/\/www.dolivo.shop\/it\/wp-json\/wp\/v2\/product_tag?post=3269"}],"curies":[{"name":"wp","href":"https:\/\/api.w.org\/{rel}","templated":true}]}}