{"id":5228,"date":"2021-09-22T11:52:06","date_gmt":"2021-09-22T10:52:06","guid":{"rendered":"https:\/\/www.dolivo.shop\/?post_type=product&#038;p=5228"},"modified":"2026-04-10T19:13:50","modified_gmt":"2026-04-10T18:13:50","slug":"tau-sonetto-san-francesco","status":"publish","type":"product","link":"https:\/\/www.dolivo.shop\/it\/prodotto\/tau-sonetto-san-francesco\/","title":{"rendered":"Sonetto di San Francesco"},"content":{"rendered":"<p class=\"p1\">Il <span class=\"s1\"><b>\u201cSonetto di San Francesco\u201d<\/b><\/span> \u00e8 un testo poetico e musicale che esprime, in forma semplice e profonda, la gioia di sentirsi parte dell\u2019opera di Dio.<\/p>\n<p class=\"p1\">Il significato principale si sviluppa attorno a tre grandi temi francescani:<\/p>\n<p class=\"p1\"><b>\u2013 l\u2019amore che nasce dall\u2019umilt\u00e0. <\/b>Il testo racconta la dolcezza di scoprire nel cuore un amore nuovo, umile, che unisce l\u2019uomo a Dio e alle creature. Questo amore toglie la solitudine, perch\u00e9 ci fa sentire parte di una vita pi\u00f9 grande di noi;<\/p>\n<p class=\"p1\"><b>\u2013 la gratitudine per il creato. <\/b><b><\/b>Come nel <i>Cantico delle Creature<\/i>, vengono nominati <span class=\"s1\"><b>Fratello Sole<\/b><\/span>, <span class=\"s1\"><b>Sorella Luna<\/b><\/span>, <span class=\"s1\"><b>la madre Terra<\/b><\/span>, <span class=\"s1\"><b>l\u2019aria<\/b><\/span>, <span class=\"s1\"><b>l\u2019acqua<\/b><\/span>, <span class=\"s1\"><b>il fuoco<\/b><\/span>, <span class=\"s1\"><b>il vento<\/b><\/span>: tutti doni che testimoniano la generosit\u00e0 di Dio. La natura non \u00e8 vista solo come bellezza esteriore, ma come segno dell\u2019amore divino;<\/p>\n<p class=\"p1\"><b>\u2013 lode e umilt\u00e0. <\/b><b><\/b>Il ritornello spirituale \u201cSia lodato, nostro Signore\u201d sottolinea la chiamata a vivere ringraziando e servendo Dio con umilt\u00e0. L\u2019ultimo verso, \u201cBeato chi lo serve in umilt\u00e0\u201d, racchiude il cuore della spiritualit\u00e0 francescana: la vera felicit\u00e0 sta nel vivere semplicemente, riconoscendo che tutto \u00e8 dono.<\/p>\n<p class=\"p1\">In sintesi, il Sonetto \u00e8 un <span class=\"s1\"><b>inno di ringraziamento e appartenenza universale<\/b><\/span>, che invita ad amare Dio attraverso l\u2019amore per ogni creatura e a vivere in armonia con il creato.<\/p>\n<p>&nbsp;<\/p>\n<p class=\"p2\">Realizzato e dipinto a mano con<span>\u00a0<\/span><strong>tempera acrilica<\/strong><span>\u00a0<\/span>in pregiato legno di ulivo, questo Tau unisce il calore della tradizione artigianale alla forza del simbolismo francescano. Ogni pezzo \u00e8 unico grazie alle venature naturali del legno, che raccontano la storia dell\u2019albero da cui proviene.<\/p>\n<p><span>In omaggio una pergamena con la spiegazione del significato del Tau.<\/span><\/p>\n<p>&nbsp;<\/p>\n<div class=\"w-post-elm post_content descrizione-prodotto\">\n<h3>Un\u2019idea originale per una bomboniera eco-friendly<\/h3>\n<p>Il suo stile naturale e la lavorazione artigianale lo rendono un pensiero perfetto per<span>\u00a0<\/span><em>matrimoni, comunioni o eventi speciali<\/em>.<span>\u00a0<\/span><\/p>\n<div class=\"w-post-elm post_content descrizione-prodotto\">\n<p><span>Su richiesta possiamo realizzare\u00a0<\/span><strong>incisioni<span>\u00a0<\/span><\/strong>personalizzate<span>.\u00a0<\/span><\/p>\n<p>&nbsp;<\/p>\n<\/div>\n<\/div>\n<p><strong>Dimensioni<\/strong>: 19\u00d728 cm.<\/p>\n<p>&nbsp;<\/p>\n<div class=\"w-post-elm post_content descrizione-prodotto\">\n<div class=\"w-post-elm post_content descrizione-prodotto\">\n<h4>Nota importante<\/h4>\n<p><em>Oggetto realizzato artigianalmente: piccole imperfezioni o lievi differenze sono da intendersi non come difetti, ma come un segno della genuinit\u00e0 del prodotto.<\/em><\/p>\n<\/div>\n<\/div>\n","protected":false},"excerpt":{"rendered":"<p>Il \u201cSonetto di San Francesco\u201d \u00e8 un testo poetico e musicale che esprime, in forma semplice e profonda, la gioia di sentirsi parte dell\u2019opera di Dio. Il significato principale si sviluppa attorno a tre grandi temi francescani: \u2013 l\u2019amore che nasce dall\u2019umilt\u00e0. Il testo racconta la dolcezza di scoprire nel cuore un amore nuovo, umile,&#8230;<\/p>\n","protected":false},"featured_media":5236,"template":"","meta":{"_acf_changed":false},"product_brand":[],"product_cat":[20,89],"product_tag":[],"class_list":{"0":"post-5228","1":"product","2":"type-product","3":"status-publish","4":"has-post-thumbnail","6":"product_cat-tau","7":"product_cat-da-parete","9":"first","10":"outofstock","11":"taxable","12":"shipping-taxable","13":"purchasable","14":"product-type-simple"},"acf":[],"_links":{"self":[{"href":"https:\/\/www.dolivo.shop\/it\/wp-json\/wp\/v2\/product\/5228","targetHints":{"allow":["GET"]}}],"collection":[{"href":"https:\/\/www.dolivo.shop\/it\/wp-json\/wp\/v2\/product"}],"about":[{"href":"https:\/\/www.dolivo.shop\/it\/wp-json\/wp\/v2\/types\/product"}],"wp:featuredmedia":[{"embeddable":true,"href":"https:\/\/www.dolivo.shop\/it\/wp-json\/wp\/v2\/media\/5236"}],"wp:attachment":[{"href":"https:\/\/www.dolivo.shop\/it\/wp-json\/wp\/v2\/media?parent=5228"}],"wp:term":[{"taxonomy":"product_brand","embeddable":true,"href":"https:\/\/www.dolivo.shop\/it\/wp-json\/wp\/v2\/product_brand?post=5228"},{"taxonomy":"product_cat","embeddable":true,"href":"https:\/\/www.dolivo.shop\/it\/wp-json\/wp\/v2\/product_cat?post=5228"},{"taxonomy":"product_tag","embeddable":true,"href":"https:\/\/www.dolivo.shop\/it\/wp-json\/wp\/v2\/product_tag?post=5228"}],"curies":[{"name":"wp","href":"https:\/\/api.w.org\/{rel}","templated":true}]}}