{"id":5285,"date":"2021-09-22T13:48:49","date_gmt":"2021-09-22T12:48:49","guid":{"rendered":"https:\/\/www.dolivo.shop\/?post_type=product&#038;p=5285"},"modified":"2026-05-13T18:58:10","modified_gmt":"2026-05-13T17:58:10","slug":"tau-cantico","status":"publish","type":"product","link":"https:\/\/www.dolivo.shop\/it\/prodotto\/tau-cantico\/","title":{"rendered":"Tau Cantico delle Creature in legno di olivo"},"content":{"rendered":"<p class=\"p1\">Il<span>\u00a0<\/span><span class=\"s1\"><b>Cantico delle Creature<\/b><\/span>, scritto da San Francesco d\u2019Assisi intorno al 1224, \u00e8 considerato uno dei primi testi poetici della letteratura italiana. \u00c8 un inno di lode a Dio per la bellezza e la bont\u00e0 del creato, ma anche un canto di fratellanza universale. Il significato profondo del Cantico \u00e8 un invito alla<span>\u00a0<\/span><span class=\"s1\"><b>gratitudine, all\u2019umilt\u00e0 e al rispetto per ogni creatura<\/b><\/span>, perch\u00e9 tutte sono parte di una stessa famiglia e partecipano alla lode del Creatore.<\/p>\n<p class=\"p1\">San Francesco si rivolge agli elementi naturali chiamandoli<span>\u00a0<\/span><span class=\"s1\"><b>\u201cfratello\u201d<\/b><\/span><span>\u00a0<\/span>e<span>\u00a0<\/span><span class=\"s1\"><b>\u201csorella\u201d<\/b><\/span>, riconoscendo in essi il riflesso dell\u2019amore divino.<\/p>\n<p>&nbsp;<\/p>\n<p class=\"p2\">Realizzato a mano in pregiato <strong>legno di ulivo<\/strong>, questo Tau unisce il calore della tradizione artigianale alla forza del simbolismo francescano. Ogni pezzo \u00e8 unico grazie alle venature naturali del legno, che raccontano la storia dell\u2019albero da cui proviene.<\/p>\n<p class=\"p2\">L\u2019illustrazione ispirata al \u201cCantico delle creature\u201d \u00e8 un piccolo gioiello da collezione o da regalare a chi ama la spiritualit\u00e0, la natura e l\u2019arte.<\/p>\n<p><span>In omaggio una pergamena con la spiegazione del significato del Tau.<\/span><\/p>\n<p>&nbsp;<\/p>\n<div class=\"w-post-elm post_content descrizione-prodotto\">\n<h2>Un\u2019idea originale per una bomboniera eco-friendly<\/h2>\n<p>Il suo stile naturale e la lavorazione artigianale lo rendono un pensiero perfetto per<span>\u00a0<\/span><em>matrimoni, comunioni o eventi speciali<\/em>.<span>\u00a0<\/span><\/p>\n<div class=\"w-post-elm post_content descrizione-prodotto\">\n<p><span>Su richiesta possiamo realizzare\u00a0<\/span><strong>incisioni<span>\u00a0<\/span><\/strong>personalizzate<span>.\u00a0<\/span><\/p>\n<\/div>\n<\/div>\n<p>&nbsp;<\/p>\n<div class=\"w-post-elm post_content descrizione-prodotto\">\n<div class=\"w-post-elm post_content descrizione-prodotto\">\n<h3>Nota importante<\/h3>\n<p><em>Oggetto realizzato artigianalmente: piccole imperfezioni o lievi differenze sono da intendersi non come difetti, ma come un segno della genuinit\u00e0 del prodotto.<\/em><\/p>\n<\/div>\n<\/div>\n","protected":false},"excerpt":{"rendered":"<p>Il\u00a0Cantico delle Creature, scritto da San Francesco d\u2019Assisi intorno al 1224, \u00e8 considerato uno dei primi testi poetici della letteratura italiana. \u00c8 un inno di lode a Dio per la bellezza e la bont\u00e0 del creato, ma anche un canto di fratellanza universale. Il significato profondo del Cantico \u00e8 un invito alla\u00a0gratitudine, all\u2019umilt\u00e0 e al&#8230;<\/p>\n","protected":false},"featured_media":5309,"template":"","meta":{"_acf_changed":false},"product_brand":[],"product_cat":[20,89],"product_tag":[],"class_list":{"0":"post-5285","1":"product","2":"type-product","3":"status-publish","4":"has-post-thumbnail","6":"product_cat-tau","7":"product_cat-da-parete","9":"first","10":"instock","11":"taxable","12":"shipping-taxable","13":"purchasable","14":"product-type-variable"},"acf":[],"_links":{"self":[{"href":"https:\/\/www.dolivo.shop\/it\/wp-json\/wp\/v2\/product\/5285","targetHints":{"allow":["GET"]}}],"collection":[{"href":"https:\/\/www.dolivo.shop\/it\/wp-json\/wp\/v2\/product"}],"about":[{"href":"https:\/\/www.dolivo.shop\/it\/wp-json\/wp\/v2\/types\/product"}],"wp:featuredmedia":[{"embeddable":true,"href":"https:\/\/www.dolivo.shop\/it\/wp-json\/wp\/v2\/media\/5309"}],"wp:attachment":[{"href":"https:\/\/www.dolivo.shop\/it\/wp-json\/wp\/v2\/media?parent=5285"}],"wp:term":[{"taxonomy":"product_brand","embeddable":true,"href":"https:\/\/www.dolivo.shop\/it\/wp-json\/wp\/v2\/product_brand?post=5285"},{"taxonomy":"product_cat","embeddable":true,"href":"https:\/\/www.dolivo.shop\/it\/wp-json\/wp\/v2\/product_cat?post=5285"},{"taxonomy":"product_tag","embeddable":true,"href":"https:\/\/www.dolivo.shop\/it\/wp-json\/wp\/v2\/product_tag?post=5285"}],"curies":[{"name":"wp","href":"https:\/\/api.w.org\/{rel}","templated":true}]}}