{"id":5685,"date":"2021-09-24T14:59:07","date_gmt":"2021-09-24T13:59:07","guid":{"rendered":"https:\/\/www.dolivo.shop\/?post_type=product&#038;p=5685"},"modified":"2026-03-10T15:01:13","modified_gmt":"2026-03-10T14:01:13","slug":"lisa","status":"publish","type":"product","link":"https:\/\/www.dolivo.shop\/it\/prodotto\/lisa\/","title":{"rendered":"Lisa. Orecchini in legno in legno di olivo"},"content":{"rendered":"<section class=\"l-section wpb_row height_small\">\n<div class=\"l-section-h i-cf\">\n<div class=\"g-cols vc_row via_flex valign_top type_default stacking_default\">\n<div class=\"vc_col-sm-12 wpb_column vc_column_container\">\n<div class=\"vc_column-inner\">\n<div class=\"wpb_wrapper\">\n<div class=\"w-post-elm post_content descrizione-prodotto\">\n<h2>Un tocco mediterraneo per il tuo stile<\/h2>\n<p class=\"p1\"><span class=\"s1\"><b>Realizzato in pregiato legno di ulivo, questo oggetto unisce bellezza naturale, autenticit\u00e0 e tradizione artigianale.<\/b><\/span><span>\u00a0<\/span>Il legno di ulivo \u00e8 particolarmente apprezzato per le sue venature calde e irripetibili, che rendono ogni pezzo unico e diverso da qualsiasi altro. Non si tratta quindi di un semplice oggetto funzionale, ma di un elemento dal forte valore estetico, capace di portare in casa il fascino della natura mediterranea.<\/p>\n<p class=\"p1\">Oltre al suo aspetto elegante e rustico al tempo stesso, il legno di ulivo \u00e8 noto per la sua<span>\u00a0<\/span><span class=\"s1\"><b>resistenza, compattezza e durata nel tempo<\/b><\/span>. \u00c8 un materiale nobile, solido e piacevole al tatto, scelto da sempre per la creazione di oggetti destinati a durare e ad accompagnare la quotidianit\u00e0 con stile. Scegliere un prodotto in legno di ulivo significa portare con s\u00e9 un pezzo autentico, ricco di carattere, che valorizza la qualit\u00e0 dei materiali e la semplicit\u00e0 della lavorazione naturale.<\/p>\n<h3><strong style=\"font-size: 17px;\">Dimensione ulivo<\/strong><span style=\"font-size: 17px;\">: diametro 5 cm.<\/span><\/h3>\n<p>&nbsp;<\/p>\n<div class=\"w-post-elm post_content descrizione-prodotto\">\n<p class=\"p1\"><span class=\"s1\">Sostenibile\u00a0e autentico<span>\u00a0<\/span><\/span>il legno di ulivo \u00e8 una scelta consapevole per chi ama bellezza, natura ed artigianato.<span>\u00a0<\/span><strong>I ganci sono anallergici.<\/strong><\/p>\n<\/div>\n<\/div>\n<\/div>\n<\/div>\n<\/div>\n<\/div>\n<\/div>\n<\/section>\n","protected":false},"excerpt":{"rendered":"<p>Un tocco mediterraneo per il tuo stile Realizzato in pregiato legno di ulivo, questo oggetto unisce bellezza naturale, autenticit\u00e0 e tradizione artigianale.\u00a0Il legno di ulivo \u00e8 particolarmente apprezzato per le sue venature calde e irripetibili, che rendono ogni pezzo unico e diverso da qualsiasi altro. Non si tratta quindi di un semplice oggetto funzionale, ma&#8230;<\/p>\n","protected":false},"featured_media":5689,"template":"","meta":{"_acf_changed":false},"product_brand":[],"product_cat":[220,114],"product_tag":[],"class_list":{"0":"post-5685","1":"product","2":"type-product","3":"status-publish","4":"has-post-thumbnail","6":"product_cat-orecchini","7":"product_cat-bigiotteria","9":"first","10":"instock","11":"taxable","12":"shipping-taxable","13":"purchasable","14":"product-type-simple"},"acf":[],"_links":{"self":[{"href":"https:\/\/www.dolivo.shop\/it\/wp-json\/wp\/v2\/product\/5685","targetHints":{"allow":["GET"]}}],"collection":[{"href":"https:\/\/www.dolivo.shop\/it\/wp-json\/wp\/v2\/product"}],"about":[{"href":"https:\/\/www.dolivo.shop\/it\/wp-json\/wp\/v2\/types\/product"}],"wp:featuredmedia":[{"embeddable":true,"href":"https:\/\/www.dolivo.shop\/it\/wp-json\/wp\/v2\/media\/5689"}],"wp:attachment":[{"href":"https:\/\/www.dolivo.shop\/it\/wp-json\/wp\/v2\/media?parent=5685"}],"wp:term":[{"taxonomy":"product_brand","embeddable":true,"href":"https:\/\/www.dolivo.shop\/it\/wp-json\/wp\/v2\/product_brand?post=5685"},{"taxonomy":"product_cat","embeddable":true,"href":"https:\/\/www.dolivo.shop\/it\/wp-json\/wp\/v2\/product_cat?post=5685"},{"taxonomy":"product_tag","embeddable":true,"href":"https:\/\/www.dolivo.shop\/it\/wp-json\/wp\/v2\/product_tag?post=5685"}],"curies":[{"name":"wp","href":"https:\/\/api.w.org\/{rel}","templated":true}]}}