{"id":6671,"date":"2021-10-19T15:17:57","date_gmt":"2021-10-19T14:17:57","guid":{"rendered":"https:\/\/www.dolivo.shop\/?post_type=product&#038;p=6671"},"modified":"2026-04-09T10:02:42","modified_gmt":"2026-04-09T09:02:42","slug":"cristo","status":"publish","type":"product","link":"https:\/\/www.dolivo.shop\/it\/prodotto\/cristo\/","title":{"rendered":"Tau in legno di olivo con corpo di Cristo"},"content":{"rendered":"<h2>Porta la benedizione a casa<\/h2>\n<p>Il <strong>Tau con Cristo in metallo su legno di ulivo<\/strong> \u00e8 un simbolo di fede essenziale e potente, reso ancora pi\u00f9 speciale dalla scelta di un materiale unico: il <strong>legno di ulivo<\/strong>.<\/p>\n<p>L\u2019ulivo non \u00e8 un legno qualsiasi. \u00c8 una materia <strong>nobile, calda e profondamente legata alla tradizione mediterranea e cristiana<\/strong>, da sempre associata a <strong>pace, benedizione e protezione<\/strong>. Proprio per questo viene utilizzato per realizzare oggetti religiosi destinati a durare nel tempo e ad accompagnare la preghiera quotidiana, in casa o in un ambiente di lavoro.<\/p>\n<p>Ogni Tau \u00e8 <strong>irripetibile<\/strong>, perch\u00e9 le venature naturali del legno di ulivo disegnano sfumature e trame sempre diverse: linee morbide, contrasti dorati e tonalit\u00e0 ambrate che raccontano la storia dell\u2019albero e rendono ogni pezzo autentico. La superficie valorizza la bellezza naturale del legno, offrendo una sensazione tattile piacevole e un aspetto elegante, mai \u201cindustriale\u201d.<\/p>\n<p>Al centro, il <strong>corpo di Cristo in metallo<\/strong> crea un contrasto raffinato con il legno: la luminosit\u00e0 del metallo mette in risalto la figura e amplifica il significato spirituale dell\u2019oggetto, rendendolo un punto focale discreto ma intenso.<\/p>\n<p>&nbsp;<\/p>\n<div class=\"w-post-elm post_content descrizione-prodotto\">\n<h2>Un\u2019idea originale per una bomboniera eco-friendly<\/h2>\n<p>Perfetto come dono per <strong>battesimo, comunione, cresima<\/strong> o come regalo di benedizione per una casa, questo Tau in legno di ulivo \u00e8 pi\u00f9 di un articolo decorativo: \u00e8 un <strong>segno di fede<\/strong> realizzato con un materiale carico di valore simbolico, pensato per essere custodito e tramandato.<\/p>\n<p>&nbsp;<\/p>\n<div class=\"w-post-elm post_content descrizione-prodotto\">\n<p><span>Su richiesta possiamo realizzare\u00a0<\/span><strong>incisioni<span>\u00a0<\/span><\/strong>personalizzate<span>. In omaggio una pergamena con la spiegazione del significato del Tau.<\/span><\/p>\n<\/div>\n<\/div>\n<p>&nbsp;<\/p>\n<div class=\"w-post-elm post_content descrizione-prodotto\">\n<div class=\"w-post-elm post_content descrizione-prodotto\">\n<h2>Nota importante<\/h2>\n<p><em>Oggetto realizzato artigianalmente: piccole imperfezioni o lievi differenze sono da intendersi non come difetti, ma come un segno della genuinit\u00e0 del prodotto.<\/em><\/p>\n<\/div>\n<\/div>\n","protected":false},"excerpt":{"rendered":"<p>Porta la benedizione a casa Il Tau con Cristo in metallo su legno di ulivo \u00e8 un simbolo di fede essenziale e potente, reso ancora pi\u00f9 speciale dalla scelta di un materiale unico: il legno di ulivo. L\u2019ulivo non \u00e8 un legno qualsiasi. \u00c8 una materia nobile, calda e profondamente legata alla tradizione mediterranea e&#8230;<\/p>\n","protected":false},"featured_media":6683,"template":"","meta":{"_acf_changed":false},"product_brand":[],"product_cat":[20,89],"product_tag":[],"class_list":{"0":"post-6671","1":"product","2":"type-product","3":"status-publish","4":"has-post-thumbnail","6":"product_cat-tau","7":"product_cat-da-parete","9":"first","10":"instock","11":"taxable","12":"shipping-taxable","13":"purchasable","14":"product-type-variable"},"acf":[],"_links":{"self":[{"href":"https:\/\/www.dolivo.shop\/it\/wp-json\/wp\/v2\/product\/6671","targetHints":{"allow":["GET"]}}],"collection":[{"href":"https:\/\/www.dolivo.shop\/it\/wp-json\/wp\/v2\/product"}],"about":[{"href":"https:\/\/www.dolivo.shop\/it\/wp-json\/wp\/v2\/types\/product"}],"wp:featuredmedia":[{"embeddable":true,"href":"https:\/\/www.dolivo.shop\/it\/wp-json\/wp\/v2\/media\/6683"}],"wp:attachment":[{"href":"https:\/\/www.dolivo.shop\/it\/wp-json\/wp\/v2\/media?parent=6671"}],"wp:term":[{"taxonomy":"product_brand","embeddable":true,"href":"https:\/\/www.dolivo.shop\/it\/wp-json\/wp\/v2\/product_brand?post=6671"},{"taxonomy":"product_cat","embeddable":true,"href":"https:\/\/www.dolivo.shop\/it\/wp-json\/wp\/v2\/product_cat?post=6671"},{"taxonomy":"product_tag","embeddable":true,"href":"https:\/\/www.dolivo.shop\/it\/wp-json\/wp\/v2\/product_tag?post=6671"}],"curies":[{"name":"wp","href":"https:\/\/api.w.org\/{rel}","templated":true}]}}